{"id":26100,"date":"2025-11-28T11:29:54","date_gmt":"2025-11-28T10:29:54","guid":{"rendered":"https:\/\/marinaportoantico.it\/liegeplaetze-und-bootsliegeplaetze-fuer-superyachten-in-genua\/"},"modified":"2025-11-28T11:37:46","modified_gmt":"2025-11-28T10:37:46","slug":"liegeplaetze-und-bootsliegeplaetze-fuer-superyachten-in-genua","status":"publish","type":"page","link":"https:\/\/marinaportoantico.it\/de\/liegeplaetze-und-bootsliegeplaetze-fuer-superyachten-in-genua\/","title":{"rendered":"Liegepl\u00e4tze und Bootsliegepl\u00e4tze f\u00fcr Superyachten in Genua"},"content":{"rendered":"\t\t<div data-elementor-type=\"wp-page\" data-elementor-id=\"26100\" class=\"elementor elementor-26100 elementor-26051\" data-elementor-post-type=\"page\">\n\t\t\t\t\t\t<section class=\"elementor-section elementor-top-section elementor-element elementor-element-481fa93 elementor-section-boxed elementor-section-height-default elementor-section-height-default\" data-id=\"481fa93\" data-element_type=\"section\">\n\t\t\t\t\t\t<div class=\"elementor-container elementor-column-gap-default\">\n\t\t\t\t\t<div class=\"elementor-column elementor-col-100 elementor-top-column elementor-element elementor-element-3f89851\" data-id=\"3f89851\" data-element_type=\"column\">\n\t\t\t<div class=\"elementor-widget-wrap elementor-element-populated\">\n\t\t\t\t\t\t<div class=\"elementor-element elementor-element-5e3f119 elementor-widget elementor-widget-image\" data-id=\"5e3f119\" data-element_type=\"widget\" data-widget_type=\"image.default\">\n\t\t\t\t<div class=\"elementor-widget-container\">\n\t\t\t\t\t\t\t\t\t\t\t\t\t\t\t<img fetchpriority=\"high\" decoding=\"async\" width=\"1600\" height=\"720\" src=\"https:\/\/marinaportoantico.it\/wp-content\/uploads\/2025\/11\/Ormeggi-e-posti-barca-per-superyacht-a-genova-in-marina-porto-antico-slim.jpg\" class=\"attachment-full size-full wp-image-26124\" alt=\"Ormeggi e posti barca per superyacht a genova in marina porto antico slim\" srcset=\"https:\/\/marinaportoantico.it\/wp-content\/uploads\/2025\/11\/Ormeggi-e-posti-barca-per-superyacht-a-genova-in-marina-porto-antico-slim.jpg 1600w, https:\/\/marinaportoantico.it\/wp-content\/uploads\/2025\/11\/Ormeggi-e-posti-barca-per-superyacht-a-genova-in-marina-porto-antico-slim-300x135.jpg 300w, https:\/\/marinaportoantico.it\/wp-content\/uploads\/2025\/11\/Ormeggi-e-posti-barca-per-superyacht-a-genova-in-marina-porto-antico-slim-1024x461.jpg 1024w, https:\/\/marinaportoantico.it\/wp-content\/uploads\/2025\/11\/Ormeggi-e-posti-barca-per-superyacht-a-genova-in-marina-porto-antico-slim-768x346.jpg 768w, https:\/\/marinaportoantico.it\/wp-content\/uploads\/2025\/11\/Ormeggi-e-posti-barca-per-superyacht-a-genova-in-marina-porto-antico-slim-1536x691.jpg 1536w\" sizes=\"(max-width: 1600px) 100vw, 1600px\" \/>\t\t\t\t\t\t\t\t\t\t\t\t\t\t\t<\/div>\n\t\t\t\t<\/div>\n\t\t\t\t<div class=\"elementor-element elementor-element-d5ab4f4 elementor-widget elementor-widget-text-editor\" data-id=\"d5ab4f4\" data-element_type=\"widget\" data-widget_type=\"text-editor.default\">\n\t\t\t\t<div class=\"elementor-widget-container\">\n\t\t\t\t\t\t\t\t\t<p style=\"text-align: left;\"><span style=\"text-align: left;\">Marina Porto Antico ist das ideale Ziel f\u00fcr Liegepl\u00e4tze und\/oder Bootsliegepl\u00e4tze f\u00fcr Superyachten in Genua. Unser Yachthafen befindet sich in strategischer Lage und bietet Privatsph\u00e4re, Sicherheit und erstklassige technische Dienstleistungen, die sowohl Eignern als auch Kapit\u00e4nen und Besatzungen einen einwandfreien Aufenthalt garantieren. <\/span><\/p>\n<h2>Liegepl\u00e4tze f\u00fcr Megayachten und Superyachten<\/h2>\n<p>Unsere Anlage ist darauf ausgelegt, gro\u00dfe Schiffe mit h\u00f6chstem Komfort aufzunehmen. Wir verf\u00fcgen \u00fcber einen speziellen Kai und einen angrenzenden Bereich, der speziell f\u00fcr die Bed\u00fcrfnisse gro\u00dfer R\u00fcmpfe ausgestattet ist. Die Lage unserer Marina im Herzen des Hafens von Genua und der Tiefgang von \u00fcber 8 Metern sorgen zudem daf\u00fcr, dass Superyachten an einem sehr sicheren Ort festgemacht werden, gesch\u00fctzt vor jeglichem Seegang und v\u00f6llig frei von Brandungsph\u00e4nomenen oder Wellengang.  <\/p>\n<p>Die Konfiguration unserer Liegepl\u00e4tze umfasst:<\/p>\n<ul>\n<li>1 Liegeplatz f\u00fcr Megayachten bis zu 75 Meter;<\/li>\n<li>2 Liegepl\u00e4tze f\u00fcr Maxi-Yachten bis zu 40 Meter (am angrenzenden Kai);<\/li>\n<li>5 Pl\u00e4tze f\u00fcr Superyachten bis zu 35 Meter;<\/li>\n<li>6 Liegepl\u00e4tze f\u00fcr Schiffe bis zu 30 Meter;<\/li>\n<li>16 Liegepl\u00e4tze f\u00fcr gro\u00dfe Yachten bis zu 25 Meter Gesamtl\u00e4nge (LOA).<\/li>\n<\/ul>\n<h3>Zug\u00e4nglichkeit und technische Spezifikationen der Superyacht-Liegepl\u00e4tze<\/h3>\n<p>Der f\u00fcr Superyacht-Liegepl\u00e4tze reservierte Kai ist vollst\u00e4ndig befahrbar und erm\u00f6glicht so ein bequemes Erreichen mit Autos und Arbeitsfahrzeugen direkt neben den Superyachten. Auf diese Weise werden Ein- und Ausschiffungen von VIPs bequem und diskret, und Versorgung und\/oder Wartungsarbeiten werden wirklich einfach. <\/p>\n<p>Jeder Liegeplatz ist mit S\u00e4ulen ausgestattet, die Stromanschl\u00fcsse mit hoher Leistung (bis zu 250A), Wasser und Wi-Fi-Verbindung bieten.<\/p>\n<p>G\u00e4ste und Besatzungen k\u00f6nnen alle exklusiven Dienstleistungen der <a href=\"https:\/\/marinaportoantico.it\/de\/\" target=\"_blank\" rel=\"noopener\">Marina Porto Antico<\/a> nutzen, einschlie\u00dflich Gep\u00e4cktransport und einem speziellen Concierge-Service bei der Hafenleitung, der bereit ist, jede logistische Anfrage zu erf\u00fcllen.<\/p>\n<p><img decoding=\"async\" src=\"https:\/\/marinaportoantico.it\/wp-content\/uploads\/2025\/11\/posti-barca-e-ormeggi-per-superyacht-a-genova-mpa-1024x487.jpg\" alt=\"Liegepl\u00e4tze und Anlegepl\u00e4tze f\u00fcr Superyachten in Genua MPA\" width=\"800\" height=\"380\"><\/p>\n<h3>Yacht Agency Services und Unterst\u00fctzung f\u00fcr das Kommando<\/h3>\n<p>Wir wissen, dass die Verwaltung einer gro\u00dfen Yacht zuverl\u00e4ssige Partner erfordert. In unserem Yachthafen in Genua arbeiten spezialisierte Agenturen, die den Kapit\u00e4n und die Besatzung bei allen Bed\u00fcrfnissen unterst\u00fctzen k\u00f6nnen: <\/p>\n<ul>\n<li>Unterst\u00fctzung bei Zoll-, Gesundheits- und Beh\u00f6rdenangelegenheiten.<\/li>\n<li>Logistische Verwaltung f\u00fcr Ein-\/Ausschiffung von Passagieren und Waren.<\/li>\n<li>Ship Chandler Services, Vermietungen, Transfers und professionelle Reinigungen.<\/li>\n<\/ul>\n<h3>Refitting und Wartung f\u00fcr Superyachten in Genua<\/h3>\n<p>F\u00fcr technische Anforderungen ist der Zugang zu qualifizierten Drittunternehmen f\u00fcr Arbeiten an Bord gew\u00e4hrleistet. Dar\u00fcber hinaus ist die Lage von Marina Porto Antico strategisch g\u00fcnstig f\u00fcr Refitting: Wir befinden uns in der N\u00e4he der wichtigsten Werften und spezialisierten Werkst\u00e4tten in Genua, die auf dem Seeweg erreichbar sind, ohne den Wellenbrecher des Hafens verlassen zu m\u00fcssen, was Sicherheit und Zeitoptimierung garantiert. <\/p>\n<p>Lifestyle und strategische Verbindungen von den Superyacht-Liegepl\u00e4tzen<\/p>\n<p>Einen Liegeplatz in Genua in unserer Marina zu w\u00e4hlen, bedeutet, im Zentrum der Stadt zu leben. Kapit\u00e4ne und Besatzungen, die bei uns \u00fcberwintern oder sich f\u00fcr l\u00e4ngere Zeit aufhalten, haben sofortigen Zugang zu Restaurants, Theatern, Fitnessstudios und dem pulsierenden Leben Genuas, alles zu Fu\u00df erreichbar. <\/p>\n<h3>Logistik der Superyacht-Liegepl\u00e4tze in Genua<\/h3>\n<p>Die Logistik unserer Superyacht-Liegepl\u00e4tze ist wirklich exzellent:<\/p>\n<ul>\n<li>Der <a href=\"https:\/\/www.airport.genova.it\/\" target=\"_blank\" rel=\"noopener\">Flughafen Genua<\/a> und der Bahnhof Genova Principe sind in wenigen Minuten erreichbar (mit dem Taxi oder zu Fu\u00df).<\/li>\n<li>Das Vorhandensein eines <a href=\"https:\/\/marinaportoantico.it\/de\/der-parkplatz\/\" target=\"_blank\" rel=\"noopener\">eigenen Parkplatzes<\/a> f\u00fcr Eigner oder Besatzungen stellt eine Garantie f\u00fcr h\u00f6chsten Komfort dar.<\/li>\n<li>Schnelle Autoverbindungen: In weniger als zwei Stunden sind die Costa Azzurra, die Versilia und der internationale Flughafen Malpensa erreichbar oder in etwas mehr als einer Stunde Mailand mit seinem Flughafen Linate.<\/li>\n<\/ul>\n<div>Nutzung der eigenen Superyacht im Winter<br>Die N\u00e4he zum Vorgebirge von Portofino macht es wirklich einfach, Tages- oder Wochenendkreuzfahrten zu unternehmen, um diese bezaubernden Orte au\u00dferhalb der Saison zu entdecken. Ein Privileg, das nur ein Liegeplatz f\u00fcr Superyachten in Genua bieten kann. <\/div>\t\t\t\t\t\t\t\t<\/div>\n\t\t\t\t<\/div>\n\t\t\t\t\t<\/div>\n\t\t<\/div>\n\t\t\t\t\t<\/div>\n\t\t<\/section>\n\t\t\t\t<\/div>\n\t\t","protected":false},"excerpt":{"rendered":"<p>Marina Porto Antico ist das ideale Ziel f\u00fcr Liegepl\u00e4tze und\/oder Bootsliegepl\u00e4tze f\u00fcr Superyachten in Genua. Unser Yachthafen befindet sich in strategischer Lage und bietet Privatsph\u00e4re, Sicherheit und erstklassige technische Dienstleistungen, die sowohl Eignern als auch Kapit\u00e4nen und Besatzungen einen einwandfreien Aufenthalt garantieren. Liegepl\u00e4tze f\u00fcr Megayachten und Superyachten Unsere Anlage ist darauf ausgelegt, gro\u00dfe Schiffe mit [&hellip;]<\/p>\n","protected":false},"author":1,"featured_media":26086,"parent":0,"menu_order":0,"comment_status":"closed","ping_status":"closed","template":"","meta":{"footnotes":""},"class_list":["post-26100","page","type-page","status-publish","has-post-thumbnail","hentry"],"yoast_head":"<!-- This site is optimized with the Yoast SEO plugin v26.8 - https:\/\/yoast.com\/product\/yoast-seo-wordpress\/ -->\n<title>Liegepl\u00e4tze und Bootsliegepl\u00e4tze f\u00fcr Superyachten in Genua - Marina Porto Antico<\/title>\n<meta name=\"description\" content=\"Marina Porto Antico ist das ideale Ziel f\u00fcr das Anlegen von Superyachten in Genua. Unser Yachthafen befindet sich in einer strategischen Lage\" \/>\n<meta name=\"robots\" content=\"index, follow, max-snippet:-1, max-image-preview:large, max-video-preview:-1\" \/>\n<link rel=\"canonical\" href=\"https:\/\/marinaportoantico.it\/de\/liegeplaetze-und-bootsliegeplaetze-fuer-superyachten-in-genua\/\" \/>\n<meta property=\"og:locale\" content=\"de_DE\" \/>\n<meta property=\"og:type\" content=\"article\" \/>\n<meta property=\"og:title\" content=\"Liegepl\u00e4tze und Bootsliegepl\u00e4tze f\u00fcr Superyachten in Genua - Marina Porto Antico\" \/>\n<meta property=\"og:description\" content=\"Marina Porto Antico ist das ideale Ziel f\u00fcr das Anlegen von Superyachten in Genua. Unser Yachthafen befindet sich in einer strategischen Lage\" \/>\n<meta property=\"og:url\" content=\"https:\/\/marinaportoantico.it\/de\/liegeplaetze-und-bootsliegeplaetze-fuer-superyachten-in-genua\/\" \/>\n<meta property=\"og:site_name\" content=\"Marina Porto Antico\" \/>\n<meta property=\"article:publisher\" content=\"https:\/\/www.facebook.com\/Marina.di.Genova\/\" \/>\n<meta property=\"article:modified_time\" content=\"2025-11-28T10:37:46+00:00\" \/>\n<meta property=\"og:image\" content=\"https:\/\/marinaportoantico.it\/wp-content\/uploads\/2025\/11\/Ormeggi-e-posti-barca-per-superyacht-a-genova-in-marina-porto-antico.jpg\" \/>\n\t<meta property=\"og:image:width\" content=\"1600\" \/>\n\t<meta property=\"og:image:height\" content=\"899\" \/>\n\t<meta property=\"og:image:type\" content=\"image\/jpeg\" \/>\n<meta name=\"twitter:card\" content=\"summary_large_image\" \/>\n<meta name=\"twitter:label1\" content=\"Gesch\u00e4tzte Lesezeit\" \/>\n\t<meta name=\"twitter:data1\" content=\"3\u00a0Minuten\" \/>\n<script type=\"application\/ld+json\" class=\"yoast-schema-graph\">{\"@context\":\"https:\/\/schema.org\",\"@graph\":[{\"@type\":\"WebPage\",\"@id\":\"https:\/\/marinaportoantico.it\/de\/liegeplaetze-und-bootsliegeplaetze-fuer-superyachten-in-genua\/\",\"url\":\"https:\/\/marinaportoantico.it\/de\/liegeplaetze-und-bootsliegeplaetze-fuer-superyachten-in-genua\/\",\"name\":\"Liegepl\u00e4tze und Bootsliegepl\u00e4tze f\u00fcr Superyachten in Genua - Marina Porto Antico\",\"isPartOf\":{\"@id\":\"https:\/\/marinaportoantico.it\/de\/#website\"},\"primaryImageOfPage\":{\"@id\":\"https:\/\/marinaportoantico.it\/de\/liegeplaetze-und-bootsliegeplaetze-fuer-superyachten-in-genua\/#primaryimage\"},\"image\":{\"@id\":\"https:\/\/marinaportoantico.it\/de\/liegeplaetze-und-bootsliegeplaetze-fuer-superyachten-in-genua\/#primaryimage\"},\"thumbnailUrl\":\"https:\/\/marinaportoantico.it\/wp-content\/uploads\/2025\/11\/Ormeggi-e-posti-barca-per-superyacht-a-genova-in-marina-porto-antico.jpg\",\"datePublished\":\"2025-11-28T10:29:54+00:00\",\"dateModified\":\"2025-11-28T10:37:46+00:00\",\"description\":\"Marina Porto Antico ist das ideale Ziel f\u00fcr das Anlegen von Superyachten in Genua. Unser Yachthafen befindet sich in einer strategischen Lage\",\"breadcrumb\":{\"@id\":\"https:\/\/marinaportoantico.it\/de\/liegeplaetze-und-bootsliegeplaetze-fuer-superyachten-in-genua\/#breadcrumb\"},\"inLanguage\":\"de\",\"potentialAction\":[{\"@type\":\"ReadAction\",\"target\":[\"https:\/\/marinaportoantico.it\/de\/liegeplaetze-und-bootsliegeplaetze-fuer-superyachten-in-genua\/\"]}]},{\"@type\":\"ImageObject\",\"inLanguage\":\"de\",\"@id\":\"https:\/\/marinaportoantico.it\/de\/liegeplaetze-und-bootsliegeplaetze-fuer-superyachten-in-genua\/#primaryimage\",\"url\":\"https:\/\/marinaportoantico.it\/wp-content\/uploads\/2025\/11\/Ormeggi-e-posti-barca-per-superyacht-a-genova-in-marina-porto-antico.jpg\",\"contentUrl\":\"https:\/\/marinaportoantico.it\/wp-content\/uploads\/2025\/11\/Ormeggi-e-posti-barca-per-superyacht-a-genova-in-marina-porto-antico.jpg\",\"width\":1600,\"height\":899,\"caption\":\"Ormeggi e posti barca per superyacht a genova in marina porto antico\"},{\"@type\":\"BreadcrumbList\",\"@id\":\"https:\/\/marinaportoantico.it\/de\/liegeplaetze-und-bootsliegeplaetze-fuer-superyachten-in-genua\/#breadcrumb\",\"itemListElement\":[{\"@type\":\"ListItem\",\"position\":1,\"name\":\"Home\",\"item\":\"https:\/\/marinaportoantico.it\/de\/home-page\/\"},{\"@type\":\"ListItem\",\"position\":2,\"name\":\"Liegepl\u00e4tze und Bootsliegepl\u00e4tze f\u00fcr Superyachten in Genua\"}]},{\"@type\":\"WebSite\",\"@id\":\"https:\/\/marinaportoantico.it\/de\/#website\",\"url\":\"https:\/\/marinaportoantico.it\/de\/\",\"name\":\"Marina Porto Antico\",\"description\":\"Ormeggi e posti barca nel centro storico di Genova\",\"publisher\":{\"@id\":\"https:\/\/marinaportoantico.it\/de\/#organization\"},\"alternateName\":\"Marina Porto Antico\",\"potentialAction\":[{\"@type\":\"SearchAction\",\"target\":{\"@type\":\"EntryPoint\",\"urlTemplate\":\"https:\/\/marinaportoantico.it\/de\/?s={search_term_string}\"},\"query-input\":{\"@type\":\"PropertyValueSpecification\",\"valueRequired\":true,\"valueName\":\"search_term_string\"}}],\"inLanguage\":\"de\"},{\"@type\":\"Organization\",\"@id\":\"https:\/\/marinaportoantico.it\/de\/#organization\",\"name\":\"Marina Porto Antico\",\"alternateName\":\"Logo-Marina-Porto-Antico\",\"url\":\"https:\/\/marinaportoantico.it\/de\/\",\"logo\":{\"@type\":\"ImageObject\",\"inLanguage\":\"de\",\"@id\":\"https:\/\/marinaportoantico.it\/de\/#\/schema\/logo\/image\/\",\"url\":\"https:\/\/marinaportoantico.it\/wp-content\/uploads\/2023\/02\/Logo-Marina-Porto-Antico.png\",\"contentUrl\":\"https:\/\/marinaportoantico.it\/wp-content\/uploads\/2023\/02\/Logo-Marina-Porto-Antico.png\",\"width\":250,\"height\":150,\"caption\":\"Marina Porto Antico\"},\"image\":{\"@id\":\"https:\/\/marinaportoantico.it\/de\/#\/schema\/logo\/image\/\"},\"sameAs\":[\"https:\/\/www.facebook.com\/Marina.di.Genova\/\",\"https:\/\/www.linkedin.com\/in\/marina-porto-antico-81394387\/\",\"https:\/\/www.instagram.com\/marina_porto_antico\/\"]}]}<\/script>\n<!-- \/ Yoast SEO plugin. -->","yoast_head_json":{"title":"Liegepl\u00e4tze und Bootsliegepl\u00e4tze f\u00fcr Superyachten in Genua - Marina Porto Antico","description":"Marina Porto Antico ist das ideale Ziel f\u00fcr das Anlegen von Superyachten in Genua. Unser Yachthafen befindet sich in einer strategischen Lage","robots":{"index":"index","follow":"follow","max-snippet":"max-snippet:-1","max-image-preview":"max-image-preview:large","max-video-preview":"max-video-preview:-1"},"canonical":"https:\/\/marinaportoantico.it\/de\/liegeplaetze-und-bootsliegeplaetze-fuer-superyachten-in-genua\/","og_locale":"de_DE","og_type":"article","og_title":"Liegepl\u00e4tze und Bootsliegepl\u00e4tze f\u00fcr Superyachten in Genua - Marina Porto Antico","og_description":"Marina Porto Antico ist das ideale Ziel f\u00fcr das Anlegen von Superyachten in Genua. Unser Yachthafen befindet sich in einer strategischen Lage","og_url":"https:\/\/marinaportoantico.it\/de\/liegeplaetze-und-bootsliegeplaetze-fuer-superyachten-in-genua\/","og_site_name":"Marina Porto Antico","article_publisher":"https:\/\/www.facebook.com\/Marina.di.Genova\/","article_modified_time":"2025-11-28T10:37:46+00:00","og_image":[{"width":1600,"height":899,"url":"https:\/\/marinaportoantico.it\/wp-content\/uploads\/2025\/11\/Ormeggi-e-posti-barca-per-superyacht-a-genova-in-marina-porto-antico.jpg","type":"image\/jpeg"}],"twitter_card":"summary_large_image","twitter_misc":{"Gesch\u00e4tzte Lesezeit":"3\u00a0Minuten"},"schema":{"@context":"https:\/\/schema.org","@graph":[{"@type":"WebPage","@id":"https:\/\/marinaportoantico.it\/de\/liegeplaetze-und-bootsliegeplaetze-fuer-superyachten-in-genua\/","url":"https:\/\/marinaportoantico.it\/de\/liegeplaetze-und-bootsliegeplaetze-fuer-superyachten-in-genua\/","name":"Liegepl\u00e4tze und Bootsliegepl\u00e4tze f\u00fcr Superyachten in Genua - Marina Porto Antico","isPartOf":{"@id":"https:\/\/marinaportoantico.it\/de\/#website"},"primaryImageOfPage":{"@id":"https:\/\/marinaportoantico.it\/de\/liegeplaetze-und-bootsliegeplaetze-fuer-superyachten-in-genua\/#primaryimage"},"image":{"@id":"https:\/\/marinaportoantico.it\/de\/liegeplaetze-und-bootsliegeplaetze-fuer-superyachten-in-genua\/#primaryimage"},"thumbnailUrl":"https:\/\/marinaportoantico.it\/wp-content\/uploads\/2025\/11\/Ormeggi-e-posti-barca-per-superyacht-a-genova-in-marina-porto-antico.jpg","datePublished":"2025-11-28T10:29:54+00:00","dateModified":"2025-11-28T10:37:46+00:00","description":"Marina Porto Antico ist das ideale Ziel f\u00fcr das Anlegen von Superyachten in Genua. Unser Yachthafen befindet sich in einer strategischen Lage","breadcrumb":{"@id":"https:\/\/marinaportoantico.it\/de\/liegeplaetze-und-bootsliegeplaetze-fuer-superyachten-in-genua\/#breadcrumb"},"inLanguage":"de","potentialAction":[{"@type":"ReadAction","target":["https:\/\/marinaportoantico.it\/de\/liegeplaetze-und-bootsliegeplaetze-fuer-superyachten-in-genua\/"]}]},{"@type":"ImageObject","inLanguage":"de","@id":"https:\/\/marinaportoantico.it\/de\/liegeplaetze-und-bootsliegeplaetze-fuer-superyachten-in-genua\/#primaryimage","url":"https:\/\/marinaportoantico.it\/wp-content\/uploads\/2025\/11\/Ormeggi-e-posti-barca-per-superyacht-a-genova-in-marina-porto-antico.jpg","contentUrl":"https:\/\/marinaportoantico.it\/wp-content\/uploads\/2025\/11\/Ormeggi-e-posti-barca-per-superyacht-a-genova-in-marina-porto-antico.jpg","width":1600,"height":899,"caption":"Ormeggi e posti barca per superyacht a genova in marina porto antico"},{"@type":"BreadcrumbList","@id":"https:\/\/marinaportoantico.it\/de\/liegeplaetze-und-bootsliegeplaetze-fuer-superyachten-in-genua\/#breadcrumb","itemListElement":[{"@type":"ListItem","position":1,"name":"Home","item":"https:\/\/marinaportoantico.it\/de\/home-page\/"},{"@type":"ListItem","position":2,"name":"Liegepl\u00e4tze und Bootsliegepl\u00e4tze f\u00fcr Superyachten in Genua"}]},{"@type":"WebSite","@id":"https:\/\/marinaportoantico.it\/de\/#website","url":"https:\/\/marinaportoantico.it\/de\/","name":"Marina Porto Antico","description":"Ormeggi e posti barca nel centro storico di Genova","publisher":{"@id":"https:\/\/marinaportoantico.it\/de\/#organization"},"alternateName":"Marina Porto Antico","potentialAction":[{"@type":"SearchAction","target":{"@type":"EntryPoint","urlTemplate":"https:\/\/marinaportoantico.it\/de\/?s={search_term_string}"},"query-input":{"@type":"PropertyValueSpecification","valueRequired":true,"valueName":"search_term_string"}}],"inLanguage":"de"},{"@type":"Organization","@id":"https:\/\/marinaportoantico.it\/de\/#organization","name":"Marina Porto Antico","alternateName":"Logo-Marina-Porto-Antico","url":"https:\/\/marinaportoantico.it\/de\/","logo":{"@type":"ImageObject","inLanguage":"de","@id":"https:\/\/marinaportoantico.it\/de\/#\/schema\/logo\/image\/","url":"https:\/\/marinaportoantico.it\/wp-content\/uploads\/2023\/02\/Logo-Marina-Porto-Antico.png","contentUrl":"https:\/\/marinaportoantico.it\/wp-content\/uploads\/2023\/02\/Logo-Marina-Porto-Antico.png","width":250,"height":150,"caption":"Marina Porto Antico"},"image":{"@id":"https:\/\/marinaportoantico.it\/de\/#\/schema\/logo\/image\/"},"sameAs":["https:\/\/www.facebook.com\/Marina.di.Genova\/","https:\/\/www.linkedin.com\/in\/marina-porto-antico-81394387\/","https:\/\/www.instagram.com\/marina_porto_antico\/"]}]}},"_links":{"self":[{"href":"https:\/\/marinaportoantico.it\/de\/wp-json\/wp\/v2\/pages\/26100","targetHints":{"allow":["GET"]}}],"collection":[{"href":"https:\/\/marinaportoantico.it\/de\/wp-json\/wp\/v2\/pages"}],"about":[{"href":"https:\/\/marinaportoantico.it\/de\/wp-json\/wp\/v2\/types\/page"}],"author":[{"embeddable":true,"href":"https:\/\/marinaportoantico.it\/de\/wp-json\/wp\/v2\/users\/1"}],"replies":[{"embeddable":true,"href":"https:\/\/marinaportoantico.it\/de\/wp-json\/wp\/v2\/comments?post=26100"}],"version-history":[{"count":9,"href":"https:\/\/marinaportoantico.it\/de\/wp-json\/wp\/v2\/pages\/26100\/revisions"}],"predecessor-version":[{"id":26129,"href":"https:\/\/marinaportoantico.it\/de\/wp-json\/wp\/v2\/pages\/26100\/revisions\/26129"}],"wp:featuredmedia":[{"embeddable":true,"href":"https:\/\/marinaportoantico.it\/de\/wp-json\/wp\/v2\/media\/26086"}],"wp:attachment":[{"href":"https:\/\/marinaportoantico.it\/de\/wp-json\/wp\/v2\/media?parent=26100"}],"curies":[{"name":"wp","href":"https:\/\/api.w.org\/{rel}","templated":true}]}}