{"id":26283,"date":"2026-01-09T13:02:53","date_gmt":"2026-01-09T12:02:53","guid":{"rendered":"https:\/\/marinaportoantico.it\/datenschutzbestimmungen\/"},"modified":"2026-01-29T15:27:31","modified_gmt":"2026-01-29T14:27:31","slug":"datenschutzbestimmungen","status":"publish","type":"page","link":"https:\/\/marinaportoantico.it\/de\/datenschutzbestimmungen\/","title":{"rendered":"Datenschutzbestimmungen"},"content":{"rendered":"\n<p><strong><strong>Informationen gem\u00e4\u00df Art. 13 der EU-Verordnung Nr.  2016\/679<\/strong><\/strong> <strong>zum Schutz nat\u00fcrlicher Personen bei der Verarbeitung personenbezogener Daten<\/strong><\/p>\n\n<p>Mit diesem Dokument m\u00f6chte Marina Porto Antico S.r.l. (im Folgenden auch \u201eder Verantwortliche\u201c) Sie dar\u00fcber informieren, dass die Europ\u00e4ische Verordnung Nr. 679 vom 27. April 2016 und die nachfolgenden Durchf\u00fchrungsbestimmungen den Schutz nat\u00fcrlicher Personen (sog. \u201ebetroffene Personen\u201c) bei der Verarbeitung personenbezogener Daten, die sie betreffen, vorsehen. <\/p>\n\n<p>Wir erinnern Sie daran, dass unter \u201epersonenbezogenen Daten\u201c Daten zu verstehen sind, die es erm\u00f6glichen, eine einzelne Person direkt oder indirekt zu identifizieren.<\/p>\n\n<p>Die Bereitstellung Ihrer personenbezogenen Daten an den Verantwortlichen ist nicht obligatorisch, aber wenn die Daten nicht bereitgestellt werden, kann der Verantwortliche \u2013 beispielsweise \u2013 keine Unterst\u00fctzung, Diagnose und medizinische Therapie leisten und im Allgemeinen seinen vertraglichen oder gesetzlichen Verpflichtungen nicht ordnungsgem\u00e4\u00df nachkommen, nicht den bestm\u00f6glichen Service bieten und nicht auf Ihre Anfragen antworten.<\/p>\n\n<p>Der Verantwortliche sch\u00fctzt die personenbezogenen Daten seiner Kunden, seiner Lieferanten und der nat\u00fcrlichen Personen, von denen er im Rahmen seiner Gesch\u00e4ftst\u00e4tigkeit personenbezogene Daten erh\u00e4lt, gem\u00e4\u00df den Bestimmungen der EU-Verordnung 679\/16 und den entsprechenden Durchf\u00fchrungsbestimmungen. <\/p>\n\n<p>Gem\u00e4\u00df Artikel 13 derselben Verordnung m\u00f6chten wir Ihnen insbesondere die folgenden Informationen zukommen lassen.<\/p>\n\n<p><strong>1. Identifikationsdaten des Verantwortlichen und des Datenschutzbeauftragten<\/strong><\/p>\n\n<p>Der Verantwortliche f\u00fcr die Datenverarbeitung ist die Gesellschaft Marina Porto Antico S.r.l. (im Folgenden \u201eder Verantwortliche\u201c), mit operativem Sitz in Genua, Molo Ponte Morosini 34\/1, erreichbar unter der Adresse <a href=\"mailto:mpa@marinaportoantico.it\">mpa@marinaportoantico.it<\/a>.<\/p>\n\n<p><strong>2. Art der verarbeiteten Daten und Zweck der Verarbeitung<\/strong><\/p>\n\n<p>Im Allgemeinen verarbeitet der Verantwortliche allgemeine personenbezogene Daten zum Zwecke der Erf\u00fcllung der vom Kunden angeforderten vertraglichen Leistungen und im Rahmen der Aus\u00fcbung seiner T\u00e4tigkeit. Die Verarbeitung erfolgt daher zu kommerziellen Zwecken, f\u00fcr den Abschluss und die Durchf\u00fchrung von Vertr\u00e4gen, zur Durchf\u00fchrung oder Veranlassung von Leistungen durch Dritte, die dazu dienen, f\u00fcr die Verwaltung von Terminen, f\u00fcr Mitteilungen \u00fcber diese Dienstleistungen oder weitere geeignete Leistungen in Bezug auf diese, f\u00fcr die Beschaffung von Instrumenten, Materialien und Dienstleistungen, f\u00fcr die administrativen, buchhalterischen und steuerlichen T\u00e4tigkeiten, die im Rahmen der T\u00e4tigkeit des Verantwortlichen durchgef\u00fchrt werden und die es dem Betroffenen erm\u00f6glichen, die vom Verantwortlichen erbrachten Dienstleistungen sicher zu nutzen oder die in irgendeiner Weise mit anderen gesetzlichen Verpflichtungen verbunden sind, denen der Verantwortliche unterliegt, f\u00fcr die Bewertung der Qualit\u00e4t der erbrachten Dienstleistung sowie f\u00fcr die Erfassung, Verwaltung und bessere Organisation der Humanressourcen. <\/p>\n\n<p><strong>3. Rechtsgrundlage der Verarbeitung<\/strong><\/p>\n\n<p>Die Rechtsgrundlage der Verarbeitung besteht alternativ aus:<\/p>\n\n<ol class=\"wp-block-list\">\n<li>der Erf\u00fcllung des Vertrags, der die vom Betroffenen angeforderte Leistung zum Gegenstand hat, oder aus vorvertraglichen T\u00e4tigkeiten, die zu diesem Zweck dienen;<\/li>\n\n\n\n<li>der Erf\u00fcllung von rechtlichen Verpflichtungen, denen der Verantwortliche unterliegt;<\/li>\n\n\n\n<li>der vom Betroffenen erteilten ausdr\u00fccklichen Einwilligung, da es sich um andere F\u00e4lle als die unter den Buchstaben a und b genannten handelt;<\/li>\n\n\n\n<li>jeder anderen Rechtsgrundlage gem\u00e4\u00df Art. 6 und 9 der EU-Verordnung 679\/16 und insbesondere dem berechtigten Interesse, sofern dieses im konkreten Fall feststellbar ist. In diesem Fall teilt der Verantwortliche dem Betroffenen die Art und den Umfang des betreffenden berechtigten Interesses mit.  <\/li>\n<\/ol>\n\n<p><strong>4. Modalit\u00e4ten der Verarbeitung<\/strong><\/p>\n\n<p>In Bezug auf die oben genannten Zwecke werden die Daten elektronisch und in Papierform verarbeitet.<\/p>\n\n<p>Die bereitgestellten personenbezogenen Daten werden von dem Personal verarbeitet, das vom Verantwortlichen zu diesem Zweck speziell benannt und geschult wurde, und an geeigneten und speziell daf\u00fcr vorgesehenen Orten unter Wahrung der Vertraulichkeit dieser Daten aufbewahrt.<\/p>\n\n<p>In Bezug auf die erhobenen personenbezogenen Daten trifft der Verantwortliche die Schutzma\u00dfnahmen gem\u00e4\u00df Art. 32 der EU-Verordnung 679\/16, indem er Prozesse implementiert und Technologien einsetzt, die es erm\u00f6glichen, den Zugriff auf diese Daten, den versehentlichen Verlust oder die Zerst\u00f6rung derselben, den unbefugten Zugriff oder die Verbreitung dieser Daten einzuschr\u00e4nken oder zu verhindern.  <\/p>\n\n<p>Die erhobenen personenbezogenen Daten werden in der Regel nicht in Drittl\u00e4nder, Gebiete, internationale Organisationen oder Einrichtungen au\u00dferhalb der Europ\u00e4ischen Union \u00fcbermittelt, oder, wenn eine \u00dcbermittlung erforderlich ist (z. B. im Rahmen von Datenspeicherungsdiensten in der Cloud, die von Anbietern mit Sitz au\u00dferhalb der EU erbracht werden), erfolgt diese \u00dcbermittlung nur in L\u00e4nder, die nicht Gegenstand einer Angemessenheitsbewertung durch die Europ\u00e4ische Kommission sind, es sei denn, der Empf\u00e4nger ergreift angemessene Schutzma\u00dfnahmen gem\u00e4\u00df Art. 25, 32 und 46 der EU-Verordnung 679\/16 oder es sei denn, die \u00dcbermittlung ist im Zusammenhang mit einem Vertrag, vorvertraglichen T\u00e4tigkeiten oder einer Klage erforderlich, oder in den anderen in Art. 49 der EU-Verordnung 679\/16 genannten F\u00e4llen, einschlie\u00dflich der Einwilligung des Betroffenen.  <\/p>\n\n<p>Es ist m\u00f6glich, dass einige personenbezogene Daten des Betroffenen (z. B. die E-Mail-Adresse oder die in der eventuell ausgetauschten E-Mail-Korrespondenz enthaltenen Daten) in L\u00e4ndern au\u00dferhalb der EU von dem zu diesem Zweck ernannten Verantwortlichen f\u00fcr die Verarbeitung (z. B. dem E-Mail-Provider, der die Datensicherung der darin enthaltenen Daten durchf\u00fchrt) verarbeitet und insbesondere gespeichert werden.<\/p>\n\n<p>Die erhobenen personenbezogenen Daten k\u00f6nnen mit automatisierten Verfahren und mit operativen, analytischen oder kollaborativen Verwaltungs- oder CRM-Anwendungen verarbeitet und organisiert werden. Der Verantwortliche bedient sich keiner automatisierten Entscheidungsfindung, einschlie\u00dflich Profiling, wie sie in der EU-Verordnung 679\/16 definiert ist als jede Form der automatisierten Verarbeitung personenbezogener Daten, die darin besteht, diese personenbezogenen Daten zu verwenden, um bestimmte pers\u00f6nliche Aspekte in Bezug auf eine nat\u00fcrliche Person zu bewerten, einschlie\u00dflich der beruflichen Leistung, der wirtschaftlichen Situation, der Gesundheit, der pers\u00f6nlichen Vorlieben, des Standorts und der Bewegungen.  <\/p>\n\n<p>Die erhobenen personenbezogenen Daten und die eventuell vom Betroffenen \u00fcber soziale Netzwerke oder andere Anwendungen abgegebenen Bewertungen k\u00f6nnen im Rahmen derselben sozialen Netzwerke zum Zwecke der F\u00f6rderung der vom Verantwortlichen ausge\u00fcbten T\u00e4tigkeit verarbeitet werden.<\/p>\n\n<p><strong>5. Zeitraum der Datenspeicherung<\/strong><\/p>\n\n<p>Wenn der Grund f\u00fcr die Datenerhebung ein Vertrag oder eine vorvertragliche T\u00e4tigkeit oder, allgemeiner gesagt, Beziehungen zum Kunden oder zum Lieferanten ist, werden die bereitgestellten Daten bis zum Erl\u00f6schen aller von den Parteien ausge\u00fcbten oder potenziell aus\u00fcbbaren Rechte und somit f\u00fcr die 10 (zehn) Jahre nach Abschluss der Leistung, die Gegenstand des Vertrags ist, oder im Falle von Streitigkeiten oder Mitteilungen nach diesem Zeitpunkt f\u00fcr die 10 (zehn) Jahre nach der letzten Mitteilung zwischen dem Verantwortlichen und dem Betroffenen aufbewahrt.<\/p>\n\n<p>Wenn die Daten hingegen zur Erf\u00fcllung gesetzlicher Verpflichtungen oder zur Wahrung berechtigter Interessen des Verantwortlichen verarbeitet werden, bis zur endg\u00fcltigen Erf\u00fcllung der Verpflichtung oder zur endg\u00fcltigen Befriedigung des berechtigten Interesses.<\/p>\n\n<p>Wenn die Rechtsgrundlage der Verarbeitung ausschlie\u00dflich in der Einwilligung des Betroffenen besteht (z. B. kommerzielle Newsletter), werden die Daten bis zum Widerruf dieser Einwilligung aufbewahrt.<\/p>\n\n<p>Der Verantwortliche \u00fcberpr\u00fcft regelm\u00e4\u00dfig die enge Relevanz und die Nicht-\u00dcberschreitung der Daten in Bezug auf die Beziehung, die Leistung oder den Auftrag, auf die sie sich beziehen. Daten, die nach den \u00dcberpr\u00fcfungen als \u00fcbersch\u00fcssig oder irrelevant oder unn\u00f6tig erscheinen, werden durch L\u00f6schung und anschlie\u00dfende physische Zerst\u00f6rung oder Wiping vernichtet, mit Ausnahme der eventuellen Aufbewahrung des sie enthaltenden Dokuments oder der sie enthaltenden Urkunde gem\u00e4\u00df den gesetzlichen Bestimmungen. <\/p>\n\n<p><strong>6. Umfang der Daten\u00fcbermittlung und -verbreitung<\/strong><\/p>\n\n<p>Die Daten werden nicht an die \u00d6ffentlichkeit verbreitet.<\/p>\n\n<p>Die Daten k\u00f6nnen allen Subjekten mitgeteilt oder zug\u00e4nglich gemacht werden, denen das Recht auf Zugang zu diesen Daten aufgrund von Rechtsvorschriften, unseren Gesellschaftern im Rahmen der von diesen durchgef\u00fchrten \u00dcberpr\u00fcfungen, Mitarbeitern und Angestellten im Rahmen und in den Grenzen der jeweiligen Aufgaben, die mit der Verarbeitung der Daten betraut sind, und allen nat\u00fcrlichen und\/oder juristischen, \u00f6ffentlichen und\/oder privaten Personen, gegen\u00fcber denen die Mitteilung zur Erf\u00fcllung ausdr\u00fccklicher gesetzlicher, vertraglicher und au\u00dfervertraglicher Verpflichtungen erforderlich oder zweckm\u00e4\u00dfig ist (z. B. Berater des Verantwortlichen, Beh\u00f6rden und \u00f6ffentliche Einrichtungen), und dar\u00fcber hinaus den folgenden \u00fcberwiegenden Kategorien von Empf\u00e4ngern:<\/p>\n\n<ol class=\"wp-block-list\">\n<li>Wirtschaftspr\u00fcfer, Steuerberater, Arbeitsrechtsberater f\u00fcr die mit der Unternehmenst\u00e4tigkeit verbundenen Buchhaltungs- und Steuerpflichten<\/li>\n\n\n\n<li>Andere Berater (Rechtsberater, Sicherheitsberater, Zertifizierungsstellen usw.) des Verantwortlichen oder andere Fachleute im Rahmen der Verfolgung von Interessen und des Schutzes von Rechten des Verantwortlichen<\/li>\n\n\n\n<li>Systemadministratoren f\u00fcr die Verarbeitung personenbezogener Daten, die f\u00fcr die mit der Unternehmenst\u00e4tigkeit verbundenen Verpflichtungen erforderlich sind<\/li>\n\n\n\n<li>Host-Provider, E-Mail-Provider, Anbieter von Back-up-Systemen f\u00fcr die Verarbeitung personenbezogener Daten, die f\u00fcr die Speicherung derselben erforderlich sind<\/li>\n\n\n\n<li>Berater f\u00fcr Verwaltungsanwendungen<\/li>\n\n\n\n<li>Beh\u00f6rden oder \u00f6ffentliche Einrichtungen bei der Erf\u00fcllung von Verpflichtungen oder bei der Verfolgung berechtigter Interessen des Verantwortlichen<\/li>\n<\/ol>\n\n<p>Unsere Mitarbeiter sind zu spezifischen Geheimhaltungspflichten in Bezug auf die verarbeiteten Daten verpflichtet und m\u00fcssen die internen Vorschriften einhalten, die speziell zu diesem Zweck erlassen wurden. Externe Mitarbeiter, die f\u00fcr uns personenbezogene Daten verarbeiten, einschlie\u00dflich Unternehmen und Fachleute, deren Beratung und Leistungen wir in Anspruch nehmen, unterliegen den in dem ihnen gem\u00e4\u00df Art. 28 der EU-Verordnung Nr. erteilten Auftrag genannten Verpflichtungen.    679\/16.<\/p>\n\n<p><br\/><strong>7. Rechte gem\u00e4\u00df Art. 7, 15, 16, 17, 18, 20, 21 und 22 der EU-Verordnung 2016\/679 <\/strong><\/p>\n\n<p>Wir informieren Sie, dass Sie, wenn Sie die in Absatz 1 genannten Personen unter den dort angegebenen Kontaktdaten kontaktieren, als betroffene Person das Recht haben:<\/p>\n\n<ul class=\"wp-block-list\">\n<li>auf den <strong>Zugang zu den personenbezogenen Daten<\/strong>, ein Recht, das den Erhalt von Informationen wie den Zwecken und der Rechtsgrundlage der Verarbeitung, den Kategorien der verarbeiteten personenbezogenen Daten, den eventuellen Empf\u00e4ngern dieser Daten, dem Zeitraum der Datenspeicherung, dem Recht des Betroffenen auf Zugang, Berichtigung, L\u00f6schung der Daten, auf Widerspruch gegen die entsprechende Verarbeitung und auf Beschwerde bei der Aufsichtsbeh\u00f6rde, der Quelle, aus der die erfassten personenbezogenen Daten stammen, und dem Vorhandensein eventueller automatisierter Entscheidungsprozesse auf der Grundlage der bereitgestellten personenbezogenen Daten umfasst<\/li>\n\n\n\n<li>auf die <strong>L\u00f6schung der ihn betreffenden personenbezogenen Daten<\/strong>, wenn die Daten f\u00fcr die Zwecke, f\u00fcr die sie erhoben wurden, nicht mehr erforderlich sind, die erteilte Einwilligung widerrufen wird, wenn die Einwilligung die einzige Rechtsgrundlage f\u00fcr die Verarbeitung darstellt, die Verarbeitung unrechtm\u00e4\u00dfig ist oder kein \u00fcberwiegendes berechtigtes Interesse an der Fortsetzung der Verarbeitung besteht oder die L\u00f6schung zur Erf\u00fcllung einer rechtlichen Verpflichtung erforderlich ist, der der Verantwortliche unterliegt.<\/li>\n\n\n\n<li> auf die <strong>Berichtigung und die \u00dcbertragbarkeit der personenbezogenen Daten (auch durch direkte \u00dcbermittlung der Daten an einen anderen Verantwortlichen)<\/strong>: Die Berichtigung der Daten und die \u00dcbertragbarkeit derselben kann jederzeit vom Betroffenen durch eine E-Mail-Mitteilung an die oben angegebene E-Mail-Adresse beantragt werden. Auf den Antrag auf Berichtigung oder Daten\u00fcbertragbarkeit wird so schnell wie m\u00f6glich, sp\u00e4testens jedoch 30 Tage nach Eingang des Antrags geantwortet; Ein eventueller Antrag auf Daten\u00fcbertragbarkeit schlie\u00dft die anschlie\u00dfende Verarbeitung derselben Daten auf einer anderen Rechtsgrundlage als der Einwilligung des Betroffenen nicht aus;<\/li>\n\n\n\n<li>auf den <strong>Widerruf<\/strong> der eventuell erteilten Einwilligung zur Verarbeitung, wenn die Einwilligung die ausschlie\u00dfliche Rechtsgrundlage f\u00fcr die durchgef\u00fchrte Verarbeitung darstellt. Es bleibt unber\u00fchrt, dass der Widerruf keine Auswirkungen auf alle Datenverarbeitungen hat, f\u00fcr die keine spezifische Einwilligung erforderlich ist und die Rechte oder berechtigten Interessen des Verantwortlichen betreffen; <\/li>\n\n\n\n<li>auf die <strong>Einschr\u00e4nkung der Verarbeitung<\/strong>, wenn die Richtigkeit der Daten bestritten wird und f\u00fcr die Zeit, die f\u00fcr die entsprechende \u00dcberpr\u00fcfung erforderlich ist, wenn die Verarbeitung f\u00fcr die Aus\u00fcbung oder Verteidigung eines Rechts vor Gericht erforderlich ist und in den anderen in Art. 18 der EU-Verordnung 679\/16 vorgesehenen F\u00e4llen;  <\/li>\n\n\n\n<li>die M\u00f6glichkeit, au\u00dfer f\u00fcr das, was zur Erf\u00fcllung des Vertrags und zur Einhaltung der gesetzlichen Bestimmungen erforderlich ist, und daher ausschlie\u00dflich in Bezug auf die auf der Einwilligung basierende Verarbeitung, den Umfang der <strong>Mitteilung eventueller genetischer Daten<\/strong> und die \u00dcbertragung der biologischen Proben sowie deren eventuelle Verwendung f\u00fcr weitere Zwecke einzuschr\u00e4nken;<\/li>\n\n\n\n<li>sich der <strong>Verarbeitung<\/strong> der Daten f\u00fcr Direktmarketingzwecke per E-Mail an die oben angegebene E-Mail-Adresse zu widersetzen;<\/li>\n\n\n\n<li><strong>keiner ausschlie\u00dflich auf einer automatisierten Verarbeitung beruhenden Entscheidung unterworfen zu werden<\/strong>, einschlie\u00dflich Profiling, die ihm gegen\u00fcber rechtliche Wirkung entfaltet oder ihn in \u00e4hnlicher Weise erheblich beeintr\u00e4chtigt, au\u00dfer in den F\u00e4llen gem\u00e4\u00df Art. 22, Absatz 2, der EU-Verordnung 679\/16;  <\/li>\n\n\n\n<li>das Recht, <strong>Beschwerde<\/strong> bei der zust\u00e4ndigen Aufsichtsbeh\u00f6rde einzulegen.<\/li>\n<\/ul>\n\n<p>Genua, den _______________<\/p>\n\n<p><a><\/a>  Ich habe die Informationen zur Kenntnis genommen und stimme der entsprechenden Verarbeitung zu<\/p>\n\n<p><a><\/a>  Der Betroffene<\/p>\n\n<p>____________________________<\/p>\n\n<p>Ich stimme der Verarbeitung meiner personenbezogenen Daten zu, um Informationen \u00fcber die kommerziellen Initiativen, Werbekampagnen und Dienstleistungen von Marina Porto Antico S.r.l. zu erhalten.<\/p>\n\n<p>Der Betroffene<\/p>\n\n<p>____________________________<\/p>\n\n<p><\/p>\n","protected":false},"excerpt":{"rendered":"<p>Informationen gem\u00e4\u00df Art. 13 der EU-Verordnung Nr. 2016\/679 zum Schutz nat\u00fcrlicher Personen bei der Verarbeitung personenbezogener Daten Mit diesem Dokument m\u00f6chte Marina Porto Antico S.r.l. (im Folgenden auch \u201eder Verantwortliche\u201c) Sie dar\u00fcber informieren, dass die Europ\u00e4ische Verordnung Nr. 679 vom 27. April 2016 und die nachfolgenden Durchf\u00fchrungsbestimmungen den Schutz nat\u00fcrlicher Personen (sog. \u201ebetroffene Personen\u201c) bei [&hellip;]<\/p>\n","protected":false},"author":2,"featured_media":0,"parent":0,"menu_order":0,"comment_status":"closed","ping_status":"closed","template":"","meta":{"footnotes":""},"class_list":["post-26283","page","type-page","status-publish","hentry"],"yoast_head":"<!-- This site is optimized with the Yoast SEO plugin v26.8 - https:\/\/yoast.com\/product\/yoast-seo-wordpress\/ -->\n<title>Datenschutzbestimmungen - Marina Porto Antico<\/title>\n<meta name=\"robots\" content=\"index, follow, max-snippet:-1, max-image-preview:large, max-video-preview:-1\" \/>\n<link rel=\"canonical\" href=\"https:\/\/marinaportoantico.it\/de\/datenschutzbestimmungen\/\" \/>\n<meta property=\"og:locale\" content=\"de_DE\" \/>\n<meta property=\"og:type\" content=\"article\" \/>\n<meta property=\"og:title\" content=\"Datenschutzbestimmungen - Marina Porto Antico\" \/>\n<meta property=\"og:description\" content=\"Informationen gem\u00e4\u00df Art. 13 der EU-Verordnung Nr. 2016\/679 zum Schutz nat\u00fcrlicher Personen bei der Verarbeitung personenbezogener Daten Mit diesem Dokument m\u00f6chte Marina Porto Antico S.r.l. (im Folgenden auch \u201eder Verantwortliche\u201c) Sie dar\u00fcber informieren, dass die Europ\u00e4ische Verordnung Nr. 679 vom 27. April 2016 und die nachfolgenden Durchf\u00fchrungsbestimmungen den Schutz nat\u00fcrlicher Personen (sog. \u201ebetroffene Personen\u201c) bei [&hellip;]\" \/>\n<meta property=\"og:url\" content=\"https:\/\/marinaportoantico.it\/de\/datenschutzbestimmungen\/\" \/>\n<meta property=\"og:site_name\" content=\"Marina Porto Antico\" \/>\n<meta property=\"article:publisher\" content=\"https:\/\/www.facebook.com\/Marina.di.Genova\/\" \/>\n<meta property=\"article:modified_time\" content=\"2026-01-29T14:27:31+00:00\" \/>\n<meta property=\"og:image\" content=\"https:\/\/marinaportoantico.it\/wp-content\/uploads\/2025\/11\/Logo-Marina-Porto-Antico.png\" \/>\n\t<meta property=\"og:image:width\" content=\"250\" \/>\n\t<meta property=\"og:image:height\" content=\"150\" \/>\n\t<meta property=\"og:image:type\" content=\"image\/png\" \/>\n<meta name=\"twitter:card\" content=\"summary_large_image\" \/>\n<meta name=\"twitter:label1\" content=\"Gesch\u00e4tzte Lesezeit\" \/>\n\t<meta name=\"twitter:data1\" content=\"10\u00a0Minuten\" \/>\n<script type=\"application\/ld+json\" class=\"yoast-schema-graph\">{\"@context\":\"https:\/\/schema.org\",\"@graph\":[{\"@type\":\"WebPage\",\"@id\":\"https:\/\/marinaportoantico.it\/de\/datenschutzbestimmungen\/\",\"url\":\"https:\/\/marinaportoantico.it\/de\/datenschutzbestimmungen\/\",\"name\":\"Datenschutzbestimmungen - Marina Porto Antico\",\"isPartOf\":{\"@id\":\"https:\/\/marinaportoantico.it\/de\/#website\"},\"datePublished\":\"2026-01-09T12:02:53+00:00\",\"dateModified\":\"2026-01-29T14:27:31+00:00\",\"breadcrumb\":{\"@id\":\"https:\/\/marinaportoantico.it\/de\/datenschutzbestimmungen\/#breadcrumb\"},\"inLanguage\":\"de\",\"potentialAction\":[{\"@type\":\"ReadAction\",\"target\":[\"https:\/\/marinaportoantico.it\/de\/datenschutzbestimmungen\/\"]}]},{\"@type\":\"BreadcrumbList\",\"@id\":\"https:\/\/marinaportoantico.it\/de\/datenschutzbestimmungen\/#breadcrumb\",\"itemListElement\":[{\"@type\":\"ListItem\",\"position\":1,\"name\":\"Home\",\"item\":\"https:\/\/marinaportoantico.it\/de\/home-page\/\"},{\"@type\":\"ListItem\",\"position\":2,\"name\":\"Datenschutzbestimmungen\"}]},{\"@type\":\"WebSite\",\"@id\":\"https:\/\/marinaportoantico.it\/de\/#website\",\"url\":\"https:\/\/marinaportoantico.it\/de\/\",\"name\":\"Marina Porto Antico\",\"description\":\"Ormeggi e posti barca nel centro storico di Genova\",\"publisher\":{\"@id\":\"https:\/\/marinaportoantico.it\/de\/#organization\"},\"alternateName\":\"Marina Porto Antico\",\"potentialAction\":[{\"@type\":\"SearchAction\",\"target\":{\"@type\":\"EntryPoint\",\"urlTemplate\":\"https:\/\/marinaportoantico.it\/de\/?s={search_term_string}\"},\"query-input\":{\"@type\":\"PropertyValueSpecification\",\"valueRequired\":true,\"valueName\":\"search_term_string\"}}],\"inLanguage\":\"de\"},{\"@type\":\"Organization\",\"@id\":\"https:\/\/marinaportoantico.it\/de\/#organization\",\"name\":\"Marina Porto Antico\",\"alternateName\":\"Logo-Marina-Porto-Antico\",\"url\":\"https:\/\/marinaportoantico.it\/de\/\",\"logo\":{\"@type\":\"ImageObject\",\"inLanguage\":\"de\",\"@id\":\"https:\/\/marinaportoantico.it\/de\/#\/schema\/logo\/image\/\",\"url\":\"https:\/\/marinaportoantico.it\/wp-content\/uploads\/2023\/02\/Logo-Marina-Porto-Antico.png\",\"contentUrl\":\"https:\/\/marinaportoantico.it\/wp-content\/uploads\/2023\/02\/Logo-Marina-Porto-Antico.png\",\"width\":250,\"height\":150,\"caption\":\"Marina Porto Antico\"},\"image\":{\"@id\":\"https:\/\/marinaportoantico.it\/de\/#\/schema\/logo\/image\/\"},\"sameAs\":[\"https:\/\/www.facebook.com\/Marina.di.Genova\/\",\"https:\/\/www.linkedin.com\/in\/marina-porto-antico-81394387\/\",\"https:\/\/www.instagram.com\/marina_porto_antico\/\"]}]}<\/script>\n<!-- \/ Yoast SEO plugin. -->","yoast_head_json":{"title":"Datenschutzbestimmungen - Marina Porto Antico","robots":{"index":"index","follow":"follow","max-snippet":"max-snippet:-1","max-image-preview":"max-image-preview:large","max-video-preview":"max-video-preview:-1"},"canonical":"https:\/\/marinaportoantico.it\/de\/datenschutzbestimmungen\/","og_locale":"de_DE","og_type":"article","og_title":"Datenschutzbestimmungen - Marina Porto Antico","og_description":"Informationen gem\u00e4\u00df Art. 13 der EU-Verordnung Nr. 2016\/679 zum Schutz nat\u00fcrlicher Personen bei der Verarbeitung personenbezogener Daten Mit diesem Dokument m\u00f6chte Marina Porto Antico S.r.l. (im Folgenden auch \u201eder Verantwortliche\u201c) Sie dar\u00fcber informieren, dass die Europ\u00e4ische Verordnung Nr. 679 vom 27. April 2016 und die nachfolgenden Durchf\u00fchrungsbestimmungen den Schutz nat\u00fcrlicher Personen (sog. \u201ebetroffene Personen\u201c) bei [&hellip;]","og_url":"https:\/\/marinaportoantico.it\/de\/datenschutzbestimmungen\/","og_site_name":"Marina Porto Antico","article_publisher":"https:\/\/www.facebook.com\/Marina.di.Genova\/","article_modified_time":"2026-01-29T14:27:31+00:00","og_image":[{"width":250,"height":150,"url":"https:\/\/marinaportoantico.it\/wp-content\/uploads\/2025\/11\/Logo-Marina-Porto-Antico.png","type":"image\/png"}],"twitter_card":"summary_large_image","twitter_misc":{"Gesch\u00e4tzte Lesezeit":"10\u00a0Minuten"},"schema":{"@context":"https:\/\/schema.org","@graph":[{"@type":"WebPage","@id":"https:\/\/marinaportoantico.it\/de\/datenschutzbestimmungen\/","url":"https:\/\/marinaportoantico.it\/de\/datenschutzbestimmungen\/","name":"Datenschutzbestimmungen - Marina Porto Antico","isPartOf":{"@id":"https:\/\/marinaportoantico.it\/de\/#website"},"datePublished":"2026-01-09T12:02:53+00:00","dateModified":"2026-01-29T14:27:31+00:00","breadcrumb":{"@id":"https:\/\/marinaportoantico.it\/de\/datenschutzbestimmungen\/#breadcrumb"},"inLanguage":"de","potentialAction":[{"@type":"ReadAction","target":["https:\/\/marinaportoantico.it\/de\/datenschutzbestimmungen\/"]}]},{"@type":"BreadcrumbList","@id":"https:\/\/marinaportoantico.it\/de\/datenschutzbestimmungen\/#breadcrumb","itemListElement":[{"@type":"ListItem","position":1,"name":"Home","item":"https:\/\/marinaportoantico.it\/de\/home-page\/"},{"@type":"ListItem","position":2,"name":"Datenschutzbestimmungen"}]},{"@type":"WebSite","@id":"https:\/\/marinaportoantico.it\/de\/#website","url":"https:\/\/marinaportoantico.it\/de\/","name":"Marina Porto Antico","description":"Ormeggi e posti barca nel centro storico di Genova","publisher":{"@id":"https:\/\/marinaportoantico.it\/de\/#organization"},"alternateName":"Marina Porto Antico","potentialAction":[{"@type":"SearchAction","target":{"@type":"EntryPoint","urlTemplate":"https:\/\/marinaportoantico.it\/de\/?s={search_term_string}"},"query-input":{"@type":"PropertyValueSpecification","valueRequired":true,"valueName":"search_term_string"}}],"inLanguage":"de"},{"@type":"Organization","@id":"https:\/\/marinaportoantico.it\/de\/#organization","name":"Marina Porto Antico","alternateName":"Logo-Marina-Porto-Antico","url":"https:\/\/marinaportoantico.it\/de\/","logo":{"@type":"ImageObject","inLanguage":"de","@id":"https:\/\/marinaportoantico.it\/de\/#\/schema\/logo\/image\/","url":"https:\/\/marinaportoantico.it\/wp-content\/uploads\/2023\/02\/Logo-Marina-Porto-Antico.png","contentUrl":"https:\/\/marinaportoantico.it\/wp-content\/uploads\/2023\/02\/Logo-Marina-Porto-Antico.png","width":250,"height":150,"caption":"Marina Porto Antico"},"image":{"@id":"https:\/\/marinaportoantico.it\/de\/#\/schema\/logo\/image\/"},"sameAs":["https:\/\/www.facebook.com\/Marina.di.Genova\/","https:\/\/www.linkedin.com\/in\/marina-porto-antico-81394387\/","https:\/\/www.instagram.com\/marina_porto_antico\/"]}]}},"_links":{"self":[{"href":"https:\/\/marinaportoantico.it\/de\/wp-json\/wp\/v2\/pages\/26283","targetHints":{"allow":["GET"]}}],"collection":[{"href":"https:\/\/marinaportoantico.it\/de\/wp-json\/wp\/v2\/pages"}],"about":[{"href":"https:\/\/marinaportoantico.it\/de\/wp-json\/wp\/v2\/types\/page"}],"author":[{"embeddable":true,"href":"https:\/\/marinaportoantico.it\/de\/wp-json\/wp\/v2\/users\/2"}],"replies":[{"embeddable":true,"href":"https:\/\/marinaportoantico.it\/de\/wp-json\/wp\/v2\/comments?post=26283"}],"version-history":[{"count":2,"href":"https:\/\/marinaportoantico.it\/de\/wp-json\/wp\/v2\/pages\/26283\/revisions"}],"predecessor-version":[{"id":26542,"href":"https:\/\/marinaportoantico.it\/de\/wp-json\/wp\/v2\/pages\/26283\/revisions\/26542"}],"wp:attachment":[{"href":"https:\/\/marinaportoantico.it\/de\/wp-json\/wp\/v2\/media?parent=26283"}],"curies":[{"name":"wp","href":"https:\/\/api.w.org\/{rel}","templated":true}]}}