{"id":22081,"date":"2023-03-07T10:59:26","date_gmt":"2023-03-07T09:59:26","guid":{"rendered":"https:\/\/marinaportoantico.it\/le-parking\/"},"modified":"2023-03-31T11:35:58","modified_gmt":"2023-03-31T10:35:58","slug":"parking-aquarium-genes","status":"publish","type":"page","link":"https:\/\/marinaportoantico.it\/fr\/parking-aquarium-genes\/","title":{"rendered":"Le Parking"},"content":{"rendered":"\t\t<div data-elementor-type=\"wp-page\" data-elementor-id=\"22081\" class=\"elementor elementor-22081 elementor-510\" data-elementor-post-type=\"page\">\n\t\t\t\t\t\t<section class=\"elementor-section elementor-top-section elementor-element elementor-element-13501d3 elementor-section-height-min-height elementor-section-boxed elementor-section-height-default elementor-section-items-middle\" data-id=\"13501d3\" data-element_type=\"section\" data-settings=\"{&quot;background_background&quot;:&quot;classic&quot;}\">\n\t\t\t\t\t\t<div class=\"elementor-container elementor-column-gap-default\">\n\t\t\t\t\t<div class=\"elementor-column elementor-col-100 elementor-top-column elementor-element elementor-element-66866bc\" data-id=\"66866bc\" data-element_type=\"column\">\n\t\t\t<div class=\"elementor-widget-wrap elementor-element-populated\">\n\t\t\t\t\t\t<div class=\"elementor-element elementor-element-fbe0671 elementor-widget elementor-widget-heading\" data-id=\"fbe0671\" data-element_type=\"widget\" data-widget_type=\"heading.default\">\n\t\t\t\t<div class=\"elementor-widget-container\">\n\t\t\t\t\t<h1 class=\"elementor-heading-title elementor-size-default\">Le parking le plus proche \u00e0 l'Aquarium et le Vieux Port de G\u00eanes, ouvert 24 heures par jour<\/h1>\t\t\t\t<\/div>\n\t\t\t\t<\/div>\n\t\t\t\t\t<\/div>\n\t\t<\/div>\n\t\t\t\t\t<\/div>\n\t\t<\/section>\n\t\t\t\t<section class=\"elementor-section elementor-top-section elementor-element elementor-element-fad27aa elementor-section-full_width elementor-section-height-default elementor-section-height-default\" data-id=\"fad27aa\" data-element_type=\"section\">\n\t\t\t\t\t\t<div class=\"elementor-container elementor-column-gap-no\">\n\t\t\t\t\t<div class=\"elementor-column elementor-col-100 elementor-top-column elementor-element elementor-element-8a95604\" data-id=\"8a95604\" data-element_type=\"column\">\n\t\t\t<div class=\"elementor-widget-wrap elementor-element-populated\">\n\t\t\t\t\t\t<div class=\"elementor-element elementor-element-7cca207 elementor-widget elementor-widget-google_maps\" data-id=\"7cca207\" data-element_type=\"widget\" data-widget_type=\"google_maps.default\">\n\t\t\t\t<div class=\"elementor-widget-container\">\n\t\t\t\t\t\t\t<div class=\"elementor-custom-embed\">\n\t\t\t<iframe loading=\"lazy\"\n\t\t\t\t\tsrc=\"https:\/\/maps.google.com\/maps?q=Park%20Marina%20Porto%20Antico%20Calata%20Salumi%2C%206R%2C%2016126%20Genova%20GE&#038;t=m&#038;z=16&#038;output=embed&#038;iwloc=near\"\n\t\t\t\t\ttitle=\"Park Marina Porto Antico Calata Salumi, 6R, 16126 Genova GE\"\n\t\t\t\t\taria-label=\"Park Marina Porto Antico Calata Salumi, 6R, 16126 Genova GE\"\n\t\t\t><\/iframe>\n\t\t<\/div>\n\t\t\t\t\t\t<\/div>\n\t\t\t\t<\/div>\n\t\t\t\t\t<\/div>\n\t\t<\/div>\n\t\t\t\t\t<\/div>\n\t\t<\/section>\n\t\t\t\t<section class=\"elementor-section elementor-top-section elementor-element elementor-element-e4db24a elementor-section-boxed elementor-section-height-default elementor-section-height-default\" data-id=\"e4db24a\" data-element_type=\"section\" data-settings=\"{&quot;background_background&quot;:&quot;classic&quot;}\">\n\t\t\t\t\t\t<div class=\"elementor-container elementor-column-gap-default\">\n\t\t\t\t\t<div class=\"elementor-column elementor-col-100 elementor-top-column elementor-element elementor-element-34b3704\" data-id=\"34b3704\" data-element_type=\"column\">\n\t\t\t<div class=\"elementor-widget-wrap elementor-element-populated\">\n\t\t\t\t\t\t<div class=\"elementor-element elementor-element-a4985db elementor-widget elementor-widget-spacer\" data-id=\"a4985db\" data-element_type=\"widget\" data-widget_type=\"spacer.default\">\n\t\t\t\t<div class=\"elementor-widget-container\">\n\t\t\t\t\t\t\t<div class=\"elementor-spacer\">\n\t\t\t<div class=\"elementor-spacer-inner\"><\/div>\n\t\t<\/div>\n\t\t\t\t\t\t<\/div>\n\t\t\t\t<\/div>\n\t\t\t\t<div class=\"elementor-element elementor-element-a6ab59d elementor-list-item-link-inline elementor-icon-list--layout-inline elementor-align-center elementor-widget elementor-widget-icon-list\" data-id=\"a6ab59d\" data-element_type=\"widget\" data-widget_type=\"icon-list.default\">\n\t\t\t\t<div class=\"elementor-widget-container\">\n\t\t\t\t\t\t\t<ul class=\"elementor-icon-list-items elementor-inline-items\">\n\t\t\t\t\t\t\t<li class=\"elementor-icon-list-item elementor-inline-item\">\n\t\t\t\t\t\t\t\t\t\t\t<span class=\"elementor-icon-list-icon\">\n\t\t\t\t\t\t\t<i aria-hidden=\"true\" class=\"fas fa-home\"><\/i>\t\t\t\t\t\t<\/span>\n\t\t\t\t\t\t\t\t\t\t<span class=\"elementor-icon-list-text\">Calata Salumi 6R, 16126 Genova <\/span>\n\t\t\t\t\t\t\t\t\t<\/li>\n\t\t\t\t\t\t\t\t<li class=\"elementor-icon-list-item elementor-inline-item\">\n\t\t\t\t\t\t\t\t\t\t\t<a href=\"mailto:park@marinaportoantico.it\">\n\n\t\t\t\t\t\t\t\t\t\t\t\t<span class=\"elementor-icon-list-icon\">\n\t\t\t\t\t\t\t<i aria-hidden=\"true\" class=\"fas fa-envelope\"><\/i>\t\t\t\t\t\t<\/span>\n\t\t\t\t\t\t\t\t\t\t<span class=\"elementor-icon-list-text\">park@marinaportoantico.it<\/span>\n\t\t\t\t\t\t\t\t\t\t\t<\/a>\n\t\t\t\t\t\t\t\t\t<\/li>\n\t\t\t\t\t\t\t\t<li class=\"elementor-icon-list-item elementor-inline-item\">\n\t\t\t\t\t\t\t\t\t\t\t<a href=\"tel:+39%20010%20261051\">\n\n\t\t\t\t\t\t\t\t\t\t\t\t<span class=\"elementor-icon-list-icon\">\n\t\t\t\t\t\t\t<i aria-hidden=\"true\" class=\"fas fa-phone-alt\"><\/i>\t\t\t\t\t\t<\/span>\n\t\t\t\t\t\t\t\t\t\t<span class=\"elementor-icon-list-text\">+39 010 261051<\/span>\n\t\t\t\t\t\t\t\t\t\t\t<\/a>\n\t\t\t\t\t\t\t\t\t<\/li>\n\t\t\t\t\t\t<\/ul>\n\t\t\t\t\t\t<\/div>\n\t\t\t\t<\/div>\n\t\t\t\t<div class=\"elementor-element elementor-element-c3fddd4 elementor-widget elementor-widget-spacer\" data-id=\"c3fddd4\" data-element_type=\"widget\" data-widget_type=\"spacer.default\">\n\t\t\t\t<div class=\"elementor-widget-container\">\n\t\t\t\t\t\t\t<div class=\"elementor-spacer\">\n\t\t\t<div class=\"elementor-spacer-inner\"><\/div>\n\t\t<\/div>\n\t\t\t\t\t\t<\/div>\n\t\t\t\t<\/div>\n\t\t\t\t\t<\/div>\n\t\t<\/div>\n\t\t\t\t\t<\/div>\n\t\t<\/section>\n\t\t\t\t<section class=\"elementor-section elementor-top-section elementor-element elementor-element-3568fba elementor-section-boxed elementor-section-height-default elementor-section-height-default\" data-id=\"3568fba\" data-element_type=\"section\" data-settings=\"{&quot;background_background&quot;:&quot;classic&quot;}\">\n\t\t\t\t\t\t<div class=\"elementor-container elementor-column-gap-default\">\n\t\t\t\t\t<div class=\"elementor-column elementor-col-100 elementor-top-column elementor-element elementor-element-f6312a3\" data-id=\"f6312a3\" data-element_type=\"column\">\n\t\t\t<div class=\"elementor-widget-wrap elementor-element-populated\">\n\t\t\t\t\t\t<div class=\"elementor-element elementor-element-cb6b38d elementor-widget elementor-widget-spacer\" data-id=\"cb6b38d\" data-element_type=\"widget\" data-widget_type=\"spacer.default\">\n\t\t\t\t<div class=\"elementor-widget-container\">\n\t\t\t\t\t\t\t<div class=\"elementor-spacer\">\n\t\t\t<div class=\"elementor-spacer-inner\"><\/div>\n\t\t<\/div>\n\t\t\t\t\t\t<\/div>\n\t\t\t\t<\/div>\n\t\t\t\t<div class=\"elementor-element elementor-element-fb62d04 elementor-widget elementor-widget-text-editor\" data-id=\"fb62d04\" data-element_type=\"widget\" data-widget_type=\"text-editor.default\">\n\t\t\t\t<div class=\"elementor-widget-container\">\n\t\t\t\t\t\t\t\t\t<p>Outre des couchettes confortables et s\u00fbres \u00e0 G\u00eanes, le complexe se compose aussi du parking souterrain de Calata Salumi, utilis\u00e9 \u00e0 rotation par r\u00e9sidents et touristes, qui dispose de 230 emplacements voitures.<\/p>\n<p>Compl\u00e8tement automatis\u00e9 et munit d&rsquo;un sophistiqu\u00e9 syst\u00e8me informatis\u00e9 \u00e0 badge, qui contr\u00f4le les acc\u00e8s et sorties, qui en fait une structure de technologie tr\u00e8s avanc\u00e9e, permettant la gestion \u00ab\u00a0personnalis\u00e9e\u00a0\u00bb des abonnements selon les diff\u00e9rentes exigences de la client\u00e8le.<\/p>\n<p>Le parking est ouvert tous les jours 24 heures sur 24 et est munit d&rsquo;un service de caisse avec op\u00e9rateur de 08.00 \u00e0 20.00 heures.<\/p>\n<p>Gr\u00e2ce au moderne syst\u00e8me de gestion, pour des grands \u00e9v\u00e9nements, il est possible de r\u00e9server, selon la disponibilit\u00e9, un \u00e9tage entier ou une portion de parking.<\/p>\n<p>L&rsquo;extraordinaire position de Marina Porto Antico, juste en dehors du centre, permet de laisser la voiture dans notre silos et se d\u00e9placer en ville en transports en commun, en m\u00e9tro, se situant \u00e0 quelques m\u00e8tres, ou \u00e0 pieds, sans penser au quotidien probl\u00e8me du parking.<\/p>\n<p>Il est en plus possible d&rsquo;\u00e9valuer et agr\u00e9er avec l&rsquo;Entreprise des formes de convention sur le prix pour les Grands Usagers.<\/p>\n\t\t\t\t\t\t\t\t<\/div>\n\t\t\t\t<\/div>\n\t\t\t\t<div class=\"elementor-element elementor-element-c1f53a7 elementor-widget elementor-widget-spacer\" data-id=\"c1f53a7\" data-element_type=\"widget\" data-widget_type=\"spacer.default\">\n\t\t\t\t<div class=\"elementor-widget-container\">\n\t\t\t\t\t\t\t<div class=\"elementor-spacer\">\n\t\t\t<div class=\"elementor-spacer-inner\"><\/div>\n\t\t<\/div>\n\t\t\t\t\t\t<\/div>\n\t\t\t\t<\/div>\n\t\t\t\t\t<\/div>\n\t\t<\/div>\n\t\t\t\t\t<\/div>\n\t\t<\/section>\n\t\t\t\t<\/div>\n\t\t","protected":false},"excerpt":{"rendered":"<p>Le parking le plus proche \u00e0 l&rsquo;Aquarium et le Vieux Port de G\u00eanes, ouvert 24 heures par jour Calata Salumi 6R, 16126 Genova park@marinaportoantico.it +39 010 261051 Outre des couchettes confortables et s\u00fbres \u00e0 G\u00eanes, le complexe se compose aussi du parking souterrain de Calata Salumi, utilis\u00e9 \u00e0 rotation par r\u00e9sidents et touristes, qui dispose [&hellip;]<\/p>\n","protected":false},"author":2,"featured_media":0,"parent":0,"menu_order":0,"comment_status":"closed","ping_status":"closed","template":"","meta":{"footnotes":""},"class_list":["post-22081","page","type-page","status-publish","hentry"],"yoast_head":"<!-- This site is optimized with the Yoast SEO plugin v26.8 - https:\/\/yoast.com\/product\/yoast-seo-wordpress\/ -->\n<title>Le parking pr\u00e8s de l&#039;Aquarium et le Vieux Port de G\u00eanes<\/title>\n<meta name=\"description\" content=\"Marina Porto Antico est \u00e9quip\u00e9e avec le parking de Calata Salumi, accessible depuis les couchettes et tr\u00e8s proche de l&#039;Aquarium de G\u00eanes. Ouvert 24 h\/24.\" \/>\n<meta name=\"robots\" content=\"index, follow, max-snippet:-1, max-image-preview:large, max-video-preview:-1\" \/>\n<link rel=\"canonical\" href=\"https:\/\/marinaportoantico.it\/fr\/parking-aquarium-genes\/\" \/>\n<meta property=\"og:locale\" content=\"fr_FR\" \/>\n<meta property=\"og:type\" content=\"article\" \/>\n<meta property=\"og:title\" content=\"Le parking pr\u00e8s de l&#039;Aquarium et le Vieux Port de G\u00eanes\" \/>\n<meta property=\"og:description\" content=\"Marina Porto Antico est \u00e9quip\u00e9e avec le parking de Calata Salumi, accessible depuis les couchettes et tr\u00e8s proche de l&#039;Aquarium de G\u00eanes. Ouvert 24 h\/24.\" \/>\n<meta property=\"og:url\" content=\"https:\/\/marinaportoantico.it\/fr\/parking-aquarium-genes\/\" \/>\n<meta property=\"og:site_name\" content=\"Marina Porto Antico\" \/>\n<meta property=\"article:publisher\" content=\"https:\/\/www.facebook.com\/Marina.di.Genova\/\" \/>\n<meta property=\"article:modified_time\" content=\"2023-03-31T10:35:58+00:00\" \/>\n<meta property=\"og:image\" content=\"https:\/\/marinaportoantico.it\/wp-content\/uploads\/2025\/11\/Logo-Marina-Porto-Antico.png\" \/>\n\t<meta property=\"og:image:width\" content=\"250\" \/>\n\t<meta property=\"og:image:height\" content=\"150\" \/>\n\t<meta property=\"og:image:type\" content=\"image\/png\" \/>\n<meta name=\"twitter:card\" content=\"summary_large_image\" \/>\n<meta name=\"twitter:label1\" content=\"Dur\u00e9e de lecture estim\u00e9e\" \/>\n\t<meta name=\"twitter:data1\" content=\"1 minute\" \/>\n<script type=\"application\/ld+json\" class=\"yoast-schema-graph\">{\"@context\":\"https:\/\/schema.org\",\"@graph\":[{\"@type\":\"WebPage\",\"@id\":\"https:\/\/marinaportoantico.it\/fr\/parking-aquarium-genes\/\",\"url\":\"https:\/\/marinaportoantico.it\/fr\/parking-aquarium-genes\/\",\"name\":\"Le parking pr\u00e8s de l'Aquarium et le Vieux Port de G\u00eanes\",\"isPartOf\":{\"@id\":\"https:\/\/marinaportoantico.it\/fr\/#website\"},\"datePublished\":\"2023-03-07T09:59:26+00:00\",\"dateModified\":\"2023-03-31T10:35:58+00:00\",\"description\":\"Marina Porto Antico est \u00e9quip\u00e9e avec le parking de Calata Salumi, accessible depuis les couchettes et tr\u00e8s proche de l'Aquarium de G\u00eanes. Ouvert 24 h\/24.\",\"breadcrumb\":{\"@id\":\"https:\/\/marinaportoantico.it\/fr\/parking-aquarium-genes\/#breadcrumb\"},\"inLanguage\":\"fr-FR\",\"potentialAction\":[{\"@type\":\"ReadAction\",\"target\":[\"https:\/\/marinaportoantico.it\/fr\/parking-aquarium-genes\/\"]}]},{\"@type\":\"BreadcrumbList\",\"@id\":\"https:\/\/marinaportoantico.it\/fr\/parking-aquarium-genes\/#breadcrumb\",\"itemListElement\":[{\"@type\":\"ListItem\",\"position\":1,\"name\":\"Home\",\"item\":\"https:\/\/marinaportoantico.it\/fr\/home-page\/\"},{\"@type\":\"ListItem\",\"position\":2,\"name\":\"Le Parking\"}]},{\"@type\":\"WebSite\",\"@id\":\"https:\/\/marinaportoantico.it\/fr\/#website\",\"url\":\"https:\/\/marinaportoantico.it\/fr\/\",\"name\":\"Marina Porto Antico\",\"description\":\"Ormeggi e posti barca nel centro storico di Genova\",\"publisher\":{\"@id\":\"https:\/\/marinaportoantico.it\/fr\/#organization\"},\"alternateName\":\"Marina Porto Antico\",\"potentialAction\":[{\"@type\":\"SearchAction\",\"target\":{\"@type\":\"EntryPoint\",\"urlTemplate\":\"https:\/\/marinaportoantico.it\/fr\/?s={search_term_string}\"},\"query-input\":{\"@type\":\"PropertyValueSpecification\",\"valueRequired\":true,\"valueName\":\"search_term_string\"}}],\"inLanguage\":\"fr-FR\"},{\"@type\":\"Organization\",\"@id\":\"https:\/\/marinaportoantico.it\/fr\/#organization\",\"name\":\"Marina Porto Antico\",\"alternateName\":\"Logo-Marina-Porto-Antico\",\"url\":\"https:\/\/marinaportoantico.it\/fr\/\",\"logo\":{\"@type\":\"ImageObject\",\"inLanguage\":\"fr-FR\",\"@id\":\"https:\/\/marinaportoantico.it\/fr\/#\/schema\/logo\/image\/\",\"url\":\"https:\/\/marinaportoantico.it\/wp-content\/uploads\/2023\/02\/Logo-Marina-Porto-Antico.png\",\"contentUrl\":\"https:\/\/marinaportoantico.it\/wp-content\/uploads\/2023\/02\/Logo-Marina-Porto-Antico.png\",\"width\":250,\"height\":150,\"caption\":\"Marina Porto Antico\"},\"image\":{\"@id\":\"https:\/\/marinaportoantico.it\/fr\/#\/schema\/logo\/image\/\"},\"sameAs\":[\"https:\/\/www.facebook.com\/Marina.di.Genova\/\",\"https:\/\/www.linkedin.com\/in\/marina-porto-antico-81394387\/\",\"https:\/\/www.instagram.com\/marina_porto_antico\/\"]}]}<\/script>\n<!-- \/ Yoast SEO plugin. -->","yoast_head_json":{"title":"Le parking pr\u00e8s de l'Aquarium et le Vieux Port de G\u00eanes","description":"Marina Porto Antico est \u00e9quip\u00e9e avec le parking de Calata Salumi, accessible depuis les couchettes et tr\u00e8s proche de l'Aquarium de G\u00eanes. Ouvert 24 h\/24.","robots":{"index":"index","follow":"follow","max-snippet":"max-snippet:-1","max-image-preview":"max-image-preview:large","max-video-preview":"max-video-preview:-1"},"canonical":"https:\/\/marinaportoantico.it\/fr\/parking-aquarium-genes\/","og_locale":"fr_FR","og_type":"article","og_title":"Le parking pr\u00e8s de l'Aquarium et le Vieux Port de G\u00eanes","og_description":"Marina Porto Antico est \u00e9quip\u00e9e avec le parking de Calata Salumi, accessible depuis les couchettes et tr\u00e8s proche de l'Aquarium de G\u00eanes. Ouvert 24 h\/24.","og_url":"https:\/\/marinaportoantico.it\/fr\/parking-aquarium-genes\/","og_site_name":"Marina Porto Antico","article_publisher":"https:\/\/www.facebook.com\/Marina.di.Genova\/","article_modified_time":"2023-03-31T10:35:58+00:00","og_image":[{"width":250,"height":150,"url":"https:\/\/marinaportoantico.it\/wp-content\/uploads\/2025\/11\/Logo-Marina-Porto-Antico.png","type":"image\/png"}],"twitter_card":"summary_large_image","twitter_misc":{"Dur\u00e9e de lecture estim\u00e9e":"1 minute"},"schema":{"@context":"https:\/\/schema.org","@graph":[{"@type":"WebPage","@id":"https:\/\/marinaportoantico.it\/fr\/parking-aquarium-genes\/","url":"https:\/\/marinaportoantico.it\/fr\/parking-aquarium-genes\/","name":"Le parking pr\u00e8s de l'Aquarium et le Vieux Port de G\u00eanes","isPartOf":{"@id":"https:\/\/marinaportoantico.it\/fr\/#website"},"datePublished":"2023-03-07T09:59:26+00:00","dateModified":"2023-03-31T10:35:58+00:00","description":"Marina Porto Antico est \u00e9quip\u00e9e avec le parking de Calata Salumi, accessible depuis les couchettes et tr\u00e8s proche de l'Aquarium de G\u00eanes. Ouvert 24 h\/24.","breadcrumb":{"@id":"https:\/\/marinaportoantico.it\/fr\/parking-aquarium-genes\/#breadcrumb"},"inLanguage":"fr-FR","potentialAction":[{"@type":"ReadAction","target":["https:\/\/marinaportoantico.it\/fr\/parking-aquarium-genes\/"]}]},{"@type":"BreadcrumbList","@id":"https:\/\/marinaportoantico.it\/fr\/parking-aquarium-genes\/#breadcrumb","itemListElement":[{"@type":"ListItem","position":1,"name":"Home","item":"https:\/\/marinaportoantico.it\/fr\/home-page\/"},{"@type":"ListItem","position":2,"name":"Le Parking"}]},{"@type":"WebSite","@id":"https:\/\/marinaportoantico.it\/fr\/#website","url":"https:\/\/marinaportoantico.it\/fr\/","name":"Marina Porto Antico","description":"Ormeggi e posti barca nel centro storico di Genova","publisher":{"@id":"https:\/\/marinaportoantico.it\/fr\/#organization"},"alternateName":"Marina Porto Antico","potentialAction":[{"@type":"SearchAction","target":{"@type":"EntryPoint","urlTemplate":"https:\/\/marinaportoantico.it\/fr\/?s={search_term_string}"},"query-input":{"@type":"PropertyValueSpecification","valueRequired":true,"valueName":"search_term_string"}}],"inLanguage":"fr-FR"},{"@type":"Organization","@id":"https:\/\/marinaportoantico.it\/fr\/#organization","name":"Marina Porto Antico","alternateName":"Logo-Marina-Porto-Antico","url":"https:\/\/marinaportoantico.it\/fr\/","logo":{"@type":"ImageObject","inLanguage":"fr-FR","@id":"https:\/\/marinaportoantico.it\/fr\/#\/schema\/logo\/image\/","url":"https:\/\/marinaportoantico.it\/wp-content\/uploads\/2023\/02\/Logo-Marina-Porto-Antico.png","contentUrl":"https:\/\/marinaportoantico.it\/wp-content\/uploads\/2023\/02\/Logo-Marina-Porto-Antico.png","width":250,"height":150,"caption":"Marina Porto Antico"},"image":{"@id":"https:\/\/marinaportoantico.it\/fr\/#\/schema\/logo\/image\/"},"sameAs":["https:\/\/www.facebook.com\/Marina.di.Genova\/","https:\/\/www.linkedin.com\/in\/marina-porto-antico-81394387\/","https:\/\/www.instagram.com\/marina_porto_antico\/"]}]}},"_links":{"self":[{"href":"https:\/\/marinaportoantico.it\/fr\/wp-json\/wp\/v2\/pages\/22081","targetHints":{"allow":["GET"]}}],"collection":[{"href":"https:\/\/marinaportoantico.it\/fr\/wp-json\/wp\/v2\/pages"}],"about":[{"href":"https:\/\/marinaportoantico.it\/fr\/wp-json\/wp\/v2\/types\/page"}],"author":[{"embeddable":true,"href":"https:\/\/marinaportoantico.it\/fr\/wp-json\/wp\/v2\/users\/2"}],"replies":[{"embeddable":true,"href":"https:\/\/marinaportoantico.it\/fr\/wp-json\/wp\/v2\/comments?post=22081"}],"version-history":[{"count":1,"href":"https:\/\/marinaportoantico.it\/fr\/wp-json\/wp\/v2\/pages\/22081\/revisions"}],"predecessor-version":[{"id":22082,"href":"https:\/\/marinaportoantico.it\/fr\/wp-json\/wp\/v2\/pages\/22081\/revisions\/22082"}],"wp:attachment":[{"href":"https:\/\/marinaportoantico.it\/fr\/wp-json\/wp\/v2\/media?parent=22081"}],"curies":[{"name":"wp","href":"https:\/\/api.w.org\/{rel}","templated":true}]}}