{"id":26104,"date":"2025-11-28T11:29:54","date_gmt":"2025-11-28T10:29:54","guid":{"rendered":"https:\/\/marinaportoantico.it\/amarrages-et-places-de-port-pour-superyachts-a-genes\/"},"modified":"2025-11-28T11:37:46","modified_gmt":"2025-11-28T10:37:46","slug":"amarrages-et-places-de-port-pour-superyachts-a-genes","status":"publish","type":"page","link":"https:\/\/marinaportoantico.it\/fr\/amarrages-et-places-de-port-pour-superyachts-a-genes\/","title":{"rendered":"Amarrages et places de port pour Superyachts \u00e0 G\u00eanes"},"content":{"rendered":"\t\t<div data-elementor-type=\"wp-page\" data-elementor-id=\"26104\" class=\"elementor elementor-26104 elementor-26051\" data-elementor-post-type=\"page\">\n\t\t\t\t\t\t<section class=\"elementor-section elementor-top-section elementor-element elementor-element-481fa93 elementor-section-boxed elementor-section-height-default elementor-section-height-default\" data-id=\"481fa93\" data-element_type=\"section\">\n\t\t\t\t\t\t<div class=\"elementor-container elementor-column-gap-default\">\n\t\t\t\t\t<div class=\"elementor-column elementor-col-100 elementor-top-column elementor-element elementor-element-3f89851\" data-id=\"3f89851\" data-element_type=\"column\">\n\t\t\t<div class=\"elementor-widget-wrap elementor-element-populated\">\n\t\t\t\t\t\t<div class=\"elementor-element elementor-element-5e3f119 elementor-widget elementor-widget-image\" data-id=\"5e3f119\" data-element_type=\"widget\" data-widget_type=\"image.default\">\n\t\t\t\t<div class=\"elementor-widget-container\">\n\t\t\t\t\t\t\t\t\t\t\t\t\t\t\t<img fetchpriority=\"high\" decoding=\"async\" width=\"1600\" height=\"720\" src=\"https:\/\/marinaportoantico.it\/wp-content\/uploads\/2025\/11\/Ormeggi-e-posti-barca-per-superyacht-a-genova-in-marina-porto-antico-slim.jpg\" class=\"attachment-full size-full wp-image-26123\" alt=\"Ormeggi e posti barca per superyacht a genova in marina porto antico slim\" srcset=\"https:\/\/marinaportoantico.it\/wp-content\/uploads\/2025\/11\/Ormeggi-e-posti-barca-per-superyacht-a-genova-in-marina-porto-antico-slim.jpg 1600w, https:\/\/marinaportoantico.it\/wp-content\/uploads\/2025\/11\/Ormeggi-e-posti-barca-per-superyacht-a-genova-in-marina-porto-antico-slim-300x135.jpg 300w, https:\/\/marinaportoantico.it\/wp-content\/uploads\/2025\/11\/Ormeggi-e-posti-barca-per-superyacht-a-genova-in-marina-porto-antico-slim-1024x461.jpg 1024w, https:\/\/marinaportoantico.it\/wp-content\/uploads\/2025\/11\/Ormeggi-e-posti-barca-per-superyacht-a-genova-in-marina-porto-antico-slim-768x346.jpg 768w, https:\/\/marinaportoantico.it\/wp-content\/uploads\/2025\/11\/Ormeggi-e-posti-barca-per-superyacht-a-genova-in-marina-porto-antico-slim-1536x691.jpg 1536w\" sizes=\"(max-width: 1600px) 100vw, 1600px\" \/>\t\t\t\t\t\t\t\t\t\t\t\t\t\t\t<\/div>\n\t\t\t\t<\/div>\n\t\t\t\t<div class=\"elementor-element elementor-element-d5ab4f4 elementor-widget elementor-widget-text-editor\" data-id=\"d5ab4f4\" data-element_type=\"widget\" data-widget_type=\"text-editor.default\">\n\t\t\t\t<div class=\"elementor-widget-container\">\n\t\t\t\t\t\t\t\t\t<p style=\"text-align: left;\"><span style=\"text-align: left;\">Marina Porto Antico repr\u00e9sente la destination id\u00e9ale pour l&rsquo;amarrage et\/ou les places de port pour superyachts \u00e0 G\u00eanes. Situ\u00e9 dans une position strat\u00e9gique, notre port de plaisance offre intimit\u00e9, s\u00e9curit\u00e9 et services techniques de haut niveau, garantissant un s\u00e9jour impeccable tant pour les propri\u00e9taires que pour les capitaines et les \u00e9quipages. <\/span><\/p>\n<h2>Places de Port pour Megayachts et Superyachts<\/h2>\n<p>Notre structure est con\u00e7ue pour accueillir les embarcations de grandes dimensions avec le maximum de commodit\u00e9. Nous disposons d&rsquo;un quai d\u00e9di\u00e9 et d&rsquo;une zone attenante sp\u00e9cifiquement \u00e9quip\u00e9e pour les besoins des grandes coques. L&#8217;emplacement de notre marina au c\u0153ur du port de G\u00eanes et le tirant d&rsquo;eau de plus de 8 m\u00e8tres font en outre que les superyachts sont amarr\u00e9s dans un lieu tr\u00e8s s\u00fbr, \u00e0 l&rsquo;abri de toute temp\u00eate et compl\u00e8tement pr\u00e9serv\u00e9 des ph\u00e9nom\u00e8nes de ressac ou de houle.  <\/p>\n<p>La configuration de nos places de port comprend :<\/p>\n<ul>\n<li>1 amarrage pour Megayacht jusqu&rsquo;\u00e0 75 m\u00e8tres ;<\/li>\n<li>2 amarrages pour Maxi-Yachts jusqu&rsquo;\u00e0 40 m\u00e8tres (sur quai attenant) ;<\/li>\n<li>5 places pour Superyachts jusqu&rsquo;\u00e0 35 m\u00e8tres ;<\/li>\n<li>6 amarrages pour embarcations jusqu&rsquo;\u00e0 30 m\u00e8tres ;<\/li>\n<li>16 places de port pour grands yachts jusqu&rsquo;\u00e0 25 m\u00e8tres de longueur hors tout (LOA).<\/li>\n<\/ul>\n<h3>Accessibilit\u00e9 et Sp\u00e9cifications Techniques des amarrages pour superyacht<\/h3>\n<p>Le quai r\u00e9serv\u00e9 aux amarrages pour superyachts est enti\u00e8rement carrossable et permet ainsi d&rsquo;arriver ais\u00e9ment avec automobiles et v\u00e9hicules de travail, directement, le long des Superyachts. De cette mani\u00e8re, les embarquements et d\u00e9barquements des VIP sont confortables et discrets et l&rsquo;avitaillement et\/ou les maintenances deviennent vraiment simples. <\/p>\n<p>Chaque place de port est desservie par des bornes avec prises de courant \u00e0 haut potentiel (jusqu&rsquo;\u00e0 250A), eau et connexion Wi-Fi.<\/p>\n<p>Les invit\u00e9s et les \u00e9quipages peuvent b\u00e9n\u00e9ficier de tous les services exclusifs de <a href=\"https:\/\/marinaportoantico.it\/fr\/\" target=\"_blank\" rel=\"noopener\">Marina Porto Antico<\/a>, incluant le transport des bagages et un service de conciergerie d\u00e9di\u00e9 aupr\u00e8s de la direction du port de plaisance, pr\u00eat \u00e0 satisfaire toute demande logistique.<\/p>\n<p><img decoding=\"async\" src=\"https:\/\/marinaportoantico.it\/wp-content\/uploads\/2025\/11\/posti-barca-e-ormeggi-per-superyacht-a-genova-mpa-1024x487.jpg\" alt=\"places de port et amarrages pour superyacht \u00e0 g\u00eanes mpa\" width=\"800\" height=\"380\"><\/p>\n<h3>Services Yacht Agency et Support au Commandement<\/h3>\n<p>Nous savons que la gestion d&rsquo;un grand yacht n\u00e9cessite des partenaires fiables. \u00c0 l&rsquo;int\u00e9rieur de notre port de plaisance \u00e0 G\u00eanes op\u00e8rent des agences sp\u00e9cialis\u00e9es capables de soutenir le commandant et l&rsquo;\u00e9quipage dans tous les besoins : <\/p>\n<ul>\n<li>Assistance pour les formalit\u00e9s douani\u00e8res, sanitaires et relations avec les autorit\u00e9s locales.<\/li>\n<li>Gestion logistique embarquement\/d\u00e9barquement passagers et marchandises.<\/li>\n<li>Services de Ship Chandler, locations, transferts et nettoyages professionnels.<\/li>\n<\/ul>\n<h3>Refitting et Maintenance pour Superyacht \u00e0 G\u00eanes<\/h3>\n<p>Pour les n\u00e9cessit\u00e9s techniques, l&rsquo;acc\u00e8s \u00e0 des entreprises tierces qualifi\u00e9es pour les travaux \u00e0 bord est garanti. De plus, la position de Marina Porto Antico est strat\u00e9gique pour le refitting : nous sommes proches des principaux chantiers navals et ateliers m\u00e9caniques de G\u00eanes sp\u00e9cialis\u00e9s, accessibles par mer sans devoir sortir de la digue du large du port, garantissant s\u00e9curit\u00e9 et optimisation des temps. <\/p>\n<p>Lifestyle et Liaisons Strat\u00e9giques depuis les amarrages pour Superyacht<\/p>\n<p>Choisir une place de port \u00e0 G\u00eanes dans notre Marina signifie vivre au centre de la ville. Commandants et \u00e9quipages qui hivernent ou r\u00e9sident chez nous pour de longues p\u00e9riodes ont un acc\u00e8s imm\u00e9diat aux restaurants, th\u00e9\u00e2tres, salles de sport et \u00e0 la vibrante vie g\u00e9noise, le tout accessible \u00e0 pied. <\/p>\n<h3>Logistique des places de port pour Superyacht \u00e0 G\u00eanes<\/h3>\n<p>La logistique de nos amarrages pour superyacht est vraiment excellente :<\/p>\n<ul>\n<li>L&rsquo;<a href=\"https:\/\/www.airport.genova.it\/\" target=\"_blank\" rel=\"noopener\">A\u00e9roport de G\u00eanes<\/a> et la Gare de Genova Principe sont accessibles en quelques minutes (en taxi ou \u00e0 pied).<\/li>\n<li>La pr\u00e9sence d&rsquo;un <a href=\"https:\/\/marinaportoantico.it\/fr\/parking-aquarium-genes\/\" target=\"_blank\" rel=\"noopener\">parking d\u00e9di\u00e9<\/a> aux armateurs ou aux \u00e9quipages repr\u00e9sente une garantie de commodit\u00e9 maximale.<\/li>\n<li>Liaisons rapides en voiture : en moins de deux heures sont accessibles la C\u00f4te d&rsquo;Azur, la Versilia et l&rsquo;a\u00e9roport international de Malpensa ou, en un peu plus d&rsquo;une heure, Milan avec son a\u00e9roport de Linate.<\/li>\n<\/ul>\n<div>Utiliser son propre Superyacht pendant l&rsquo;hiver<br>La proximit\u00e9 du promontoire de Portofino est telle qu&rsquo;il est vraiment facile d&rsquo;effectuer des croisi\u00e8res journali\u00e8res ou de week-end, \u00e0 la d\u00e9couverte de ces lieux enchanteurs hors saison. Une pr\u00e9rogative que seule une place de port pour superyacht \u00e0 G\u00eanes peut permettre. <\/div>\t\t\t\t\t\t\t\t<\/div>\n\t\t\t\t<\/div>\n\t\t\t\t\t<\/div>\n\t\t<\/div>\n\t\t\t\t\t<\/div>\n\t\t<\/section>\n\t\t\t\t<\/div>\n\t\t","protected":false},"excerpt":{"rendered":"<p>Marina Porto Antico repr\u00e9sente la destination id\u00e9ale pour l&rsquo;amarrage et\/ou les places de port pour superyachts \u00e0 G\u00eanes. Situ\u00e9 dans une position strat\u00e9gique, notre port de plaisance offre intimit\u00e9, s\u00e9curit\u00e9 et services techniques de haut niveau, garantissant un s\u00e9jour impeccable tant pour les propri\u00e9taires que pour les capitaines et les \u00e9quipages. Places de Port pour [&hellip;]<\/p>\n","protected":false},"author":1,"featured_media":26085,"parent":0,"menu_order":0,"comment_status":"closed","ping_status":"closed","template":"","meta":{"footnotes":""},"class_list":["post-26104","page","type-page","status-publish","has-post-thumbnail","hentry"],"yoast_head":"<!-- This site is optimized with the Yoast SEO plugin v26.8 - https:\/\/yoast.com\/product\/yoast-seo-wordpress\/ -->\n<title>Amarrages et places de port pour Superyachts \u00e0 G\u00eanes - Marina Porto Antico<\/title>\n<meta name=\"description\" content=\"Marina Porto Antico est la destination id\u00e9ale pour l&#039;amarrage de superyachts \u00e0 G\u00eanes. Notre port de plaisance est situ\u00e9 dans une position strat\u00e9gique\" \/>\n<meta name=\"robots\" content=\"index, follow, max-snippet:-1, max-image-preview:large, max-video-preview:-1\" \/>\n<link rel=\"canonical\" href=\"https:\/\/marinaportoantico.it\/fr\/amarrages-et-places-de-port-pour-superyachts-a-genes\/\" \/>\n<meta property=\"og:locale\" content=\"fr_FR\" \/>\n<meta property=\"og:type\" content=\"article\" \/>\n<meta property=\"og:title\" content=\"Amarrages et places de port pour Superyachts \u00e0 G\u00eanes - Marina Porto Antico\" \/>\n<meta property=\"og:description\" content=\"Marina Porto Antico est la destination id\u00e9ale pour l&#039;amarrage de superyachts \u00e0 G\u00eanes. Notre port de plaisance est situ\u00e9 dans une position strat\u00e9gique\" \/>\n<meta property=\"og:url\" content=\"https:\/\/marinaportoantico.it\/fr\/amarrages-et-places-de-port-pour-superyachts-a-genes\/\" \/>\n<meta property=\"og:site_name\" content=\"Marina Porto Antico\" \/>\n<meta property=\"article:publisher\" content=\"https:\/\/www.facebook.com\/Marina.di.Genova\/\" \/>\n<meta property=\"article:modified_time\" content=\"2025-11-28T10:37:46+00:00\" \/>\n<meta property=\"og:image\" content=\"https:\/\/marinaportoantico.it\/wp-content\/uploads\/2025\/11\/Ormeggi-e-posti-barca-per-superyacht-a-genova-in-marina-porto-antico.jpg\" \/>\n\t<meta property=\"og:image:width\" content=\"1600\" \/>\n\t<meta property=\"og:image:height\" content=\"899\" \/>\n\t<meta property=\"og:image:type\" content=\"image\/jpeg\" \/>\n<meta name=\"twitter:card\" content=\"summary_large_image\" \/>\n<meta name=\"twitter:label1\" content=\"Dur\u00e9e de lecture estim\u00e9e\" \/>\n\t<meta name=\"twitter:data1\" content=\"4 minutes\" \/>\n<script type=\"application\/ld+json\" class=\"yoast-schema-graph\">{\"@context\":\"https:\/\/schema.org\",\"@graph\":[{\"@type\":\"WebPage\",\"@id\":\"https:\/\/marinaportoantico.it\/fr\/amarrages-et-places-de-port-pour-superyachts-a-genes\/\",\"url\":\"https:\/\/marinaportoantico.it\/fr\/amarrages-et-places-de-port-pour-superyachts-a-genes\/\",\"name\":\"Amarrages et places de port pour Superyachts \u00e0 G\u00eanes - Marina Porto Antico\",\"isPartOf\":{\"@id\":\"https:\/\/marinaportoantico.it\/fr\/#website\"},\"primaryImageOfPage\":{\"@id\":\"https:\/\/marinaportoantico.it\/fr\/amarrages-et-places-de-port-pour-superyachts-a-genes\/#primaryimage\"},\"image\":{\"@id\":\"https:\/\/marinaportoantico.it\/fr\/amarrages-et-places-de-port-pour-superyachts-a-genes\/#primaryimage\"},\"thumbnailUrl\":\"https:\/\/marinaportoantico.it\/wp-content\/uploads\/2025\/11\/Ormeggi-e-posti-barca-per-superyacht-a-genova-in-marina-porto-antico.jpg\",\"datePublished\":\"2025-11-28T10:29:54+00:00\",\"dateModified\":\"2025-11-28T10:37:46+00:00\",\"description\":\"Marina Porto Antico est la destination id\u00e9ale pour l'amarrage de superyachts \u00e0 G\u00eanes. Notre port de plaisance est situ\u00e9 dans une position strat\u00e9gique\",\"breadcrumb\":{\"@id\":\"https:\/\/marinaportoantico.it\/fr\/amarrages-et-places-de-port-pour-superyachts-a-genes\/#breadcrumb\"},\"inLanguage\":\"fr-FR\",\"potentialAction\":[{\"@type\":\"ReadAction\",\"target\":[\"https:\/\/marinaportoantico.it\/fr\/amarrages-et-places-de-port-pour-superyachts-a-genes\/\"]}]},{\"@type\":\"ImageObject\",\"inLanguage\":\"fr-FR\",\"@id\":\"https:\/\/marinaportoantico.it\/fr\/amarrages-et-places-de-port-pour-superyachts-a-genes\/#primaryimage\",\"url\":\"https:\/\/marinaportoantico.it\/wp-content\/uploads\/2025\/11\/Ormeggi-e-posti-barca-per-superyacht-a-genova-in-marina-porto-antico.jpg\",\"contentUrl\":\"https:\/\/marinaportoantico.it\/wp-content\/uploads\/2025\/11\/Ormeggi-e-posti-barca-per-superyacht-a-genova-in-marina-porto-antico.jpg\",\"width\":1600,\"height\":899,\"caption\":\"Ormeggi e posti barca per superyacht a genova in marina porto antico\"},{\"@type\":\"BreadcrumbList\",\"@id\":\"https:\/\/marinaportoantico.it\/fr\/amarrages-et-places-de-port-pour-superyachts-a-genes\/#breadcrumb\",\"itemListElement\":[{\"@type\":\"ListItem\",\"position\":1,\"name\":\"Home\",\"item\":\"https:\/\/marinaportoantico.it\/fr\/home-page\/\"},{\"@type\":\"ListItem\",\"position\":2,\"name\":\"Amarrages et places de port pour Superyachts \u00e0 G\u00eanes\"}]},{\"@type\":\"WebSite\",\"@id\":\"https:\/\/marinaportoantico.it\/fr\/#website\",\"url\":\"https:\/\/marinaportoantico.it\/fr\/\",\"name\":\"Marina Porto Antico\",\"description\":\"Ormeggi e posti barca nel centro storico di Genova\",\"publisher\":{\"@id\":\"https:\/\/marinaportoantico.it\/fr\/#organization\"},\"alternateName\":\"Marina Porto Antico\",\"potentialAction\":[{\"@type\":\"SearchAction\",\"target\":{\"@type\":\"EntryPoint\",\"urlTemplate\":\"https:\/\/marinaportoantico.it\/fr\/?s={search_term_string}\"},\"query-input\":{\"@type\":\"PropertyValueSpecification\",\"valueRequired\":true,\"valueName\":\"search_term_string\"}}],\"inLanguage\":\"fr-FR\"},{\"@type\":\"Organization\",\"@id\":\"https:\/\/marinaportoantico.it\/fr\/#organization\",\"name\":\"Marina Porto Antico\",\"alternateName\":\"Logo-Marina-Porto-Antico\",\"url\":\"https:\/\/marinaportoantico.it\/fr\/\",\"logo\":{\"@type\":\"ImageObject\",\"inLanguage\":\"fr-FR\",\"@id\":\"https:\/\/marinaportoantico.it\/fr\/#\/schema\/logo\/image\/\",\"url\":\"https:\/\/marinaportoantico.it\/wp-content\/uploads\/2023\/02\/Logo-Marina-Porto-Antico.png\",\"contentUrl\":\"https:\/\/marinaportoantico.it\/wp-content\/uploads\/2023\/02\/Logo-Marina-Porto-Antico.png\",\"width\":250,\"height\":150,\"caption\":\"Marina Porto Antico\"},\"image\":{\"@id\":\"https:\/\/marinaportoantico.it\/fr\/#\/schema\/logo\/image\/\"},\"sameAs\":[\"https:\/\/www.facebook.com\/Marina.di.Genova\/\",\"https:\/\/www.linkedin.com\/in\/marina-porto-antico-81394387\/\",\"https:\/\/www.instagram.com\/marina_porto_antico\/\"]}]}<\/script>\n<!-- \/ Yoast SEO plugin. -->","yoast_head_json":{"title":"Amarrages et places de port pour Superyachts \u00e0 G\u00eanes - Marina Porto Antico","description":"Marina Porto Antico est la destination id\u00e9ale pour l'amarrage de superyachts \u00e0 G\u00eanes. Notre port de plaisance est situ\u00e9 dans une position strat\u00e9gique","robots":{"index":"index","follow":"follow","max-snippet":"max-snippet:-1","max-image-preview":"max-image-preview:large","max-video-preview":"max-video-preview:-1"},"canonical":"https:\/\/marinaportoantico.it\/fr\/amarrages-et-places-de-port-pour-superyachts-a-genes\/","og_locale":"fr_FR","og_type":"article","og_title":"Amarrages et places de port pour Superyachts \u00e0 G\u00eanes - Marina Porto Antico","og_description":"Marina Porto Antico est la destination id\u00e9ale pour l'amarrage de superyachts \u00e0 G\u00eanes. Notre port de plaisance est situ\u00e9 dans une position strat\u00e9gique","og_url":"https:\/\/marinaportoantico.it\/fr\/amarrages-et-places-de-port-pour-superyachts-a-genes\/","og_site_name":"Marina Porto Antico","article_publisher":"https:\/\/www.facebook.com\/Marina.di.Genova\/","article_modified_time":"2025-11-28T10:37:46+00:00","og_image":[{"width":1600,"height":899,"url":"https:\/\/marinaportoantico.it\/wp-content\/uploads\/2025\/11\/Ormeggi-e-posti-barca-per-superyacht-a-genova-in-marina-porto-antico.jpg","type":"image\/jpeg"}],"twitter_card":"summary_large_image","twitter_misc":{"Dur\u00e9e de lecture estim\u00e9e":"4 minutes"},"schema":{"@context":"https:\/\/schema.org","@graph":[{"@type":"WebPage","@id":"https:\/\/marinaportoantico.it\/fr\/amarrages-et-places-de-port-pour-superyachts-a-genes\/","url":"https:\/\/marinaportoantico.it\/fr\/amarrages-et-places-de-port-pour-superyachts-a-genes\/","name":"Amarrages et places de port pour Superyachts \u00e0 G\u00eanes - Marina Porto Antico","isPartOf":{"@id":"https:\/\/marinaportoantico.it\/fr\/#website"},"primaryImageOfPage":{"@id":"https:\/\/marinaportoantico.it\/fr\/amarrages-et-places-de-port-pour-superyachts-a-genes\/#primaryimage"},"image":{"@id":"https:\/\/marinaportoantico.it\/fr\/amarrages-et-places-de-port-pour-superyachts-a-genes\/#primaryimage"},"thumbnailUrl":"https:\/\/marinaportoantico.it\/wp-content\/uploads\/2025\/11\/Ormeggi-e-posti-barca-per-superyacht-a-genova-in-marina-porto-antico.jpg","datePublished":"2025-11-28T10:29:54+00:00","dateModified":"2025-11-28T10:37:46+00:00","description":"Marina Porto Antico est la destination id\u00e9ale pour l'amarrage de superyachts \u00e0 G\u00eanes. Notre port de plaisance est situ\u00e9 dans une position strat\u00e9gique","breadcrumb":{"@id":"https:\/\/marinaportoantico.it\/fr\/amarrages-et-places-de-port-pour-superyachts-a-genes\/#breadcrumb"},"inLanguage":"fr-FR","potentialAction":[{"@type":"ReadAction","target":["https:\/\/marinaportoantico.it\/fr\/amarrages-et-places-de-port-pour-superyachts-a-genes\/"]}]},{"@type":"ImageObject","inLanguage":"fr-FR","@id":"https:\/\/marinaportoantico.it\/fr\/amarrages-et-places-de-port-pour-superyachts-a-genes\/#primaryimage","url":"https:\/\/marinaportoantico.it\/wp-content\/uploads\/2025\/11\/Ormeggi-e-posti-barca-per-superyacht-a-genova-in-marina-porto-antico.jpg","contentUrl":"https:\/\/marinaportoantico.it\/wp-content\/uploads\/2025\/11\/Ormeggi-e-posti-barca-per-superyacht-a-genova-in-marina-porto-antico.jpg","width":1600,"height":899,"caption":"Ormeggi e posti barca per superyacht a genova in marina porto antico"},{"@type":"BreadcrumbList","@id":"https:\/\/marinaportoantico.it\/fr\/amarrages-et-places-de-port-pour-superyachts-a-genes\/#breadcrumb","itemListElement":[{"@type":"ListItem","position":1,"name":"Home","item":"https:\/\/marinaportoantico.it\/fr\/home-page\/"},{"@type":"ListItem","position":2,"name":"Amarrages et places de port pour Superyachts \u00e0 G\u00eanes"}]},{"@type":"WebSite","@id":"https:\/\/marinaportoantico.it\/fr\/#website","url":"https:\/\/marinaportoantico.it\/fr\/","name":"Marina Porto Antico","description":"Ormeggi e posti barca nel centro storico di Genova","publisher":{"@id":"https:\/\/marinaportoantico.it\/fr\/#organization"},"alternateName":"Marina Porto Antico","potentialAction":[{"@type":"SearchAction","target":{"@type":"EntryPoint","urlTemplate":"https:\/\/marinaportoantico.it\/fr\/?s={search_term_string}"},"query-input":{"@type":"PropertyValueSpecification","valueRequired":true,"valueName":"search_term_string"}}],"inLanguage":"fr-FR"},{"@type":"Organization","@id":"https:\/\/marinaportoantico.it\/fr\/#organization","name":"Marina Porto Antico","alternateName":"Logo-Marina-Porto-Antico","url":"https:\/\/marinaportoantico.it\/fr\/","logo":{"@type":"ImageObject","inLanguage":"fr-FR","@id":"https:\/\/marinaportoantico.it\/fr\/#\/schema\/logo\/image\/","url":"https:\/\/marinaportoantico.it\/wp-content\/uploads\/2023\/02\/Logo-Marina-Porto-Antico.png","contentUrl":"https:\/\/marinaportoantico.it\/wp-content\/uploads\/2023\/02\/Logo-Marina-Porto-Antico.png","width":250,"height":150,"caption":"Marina Porto Antico"},"image":{"@id":"https:\/\/marinaportoantico.it\/fr\/#\/schema\/logo\/image\/"},"sameAs":["https:\/\/www.facebook.com\/Marina.di.Genova\/","https:\/\/www.linkedin.com\/in\/marina-porto-antico-81394387\/","https:\/\/www.instagram.com\/marina_porto_antico\/"]}]}},"_links":{"self":[{"href":"https:\/\/marinaportoantico.it\/fr\/wp-json\/wp\/v2\/pages\/26104","targetHints":{"allow":["GET"]}}],"collection":[{"href":"https:\/\/marinaportoantico.it\/fr\/wp-json\/wp\/v2\/pages"}],"about":[{"href":"https:\/\/marinaportoantico.it\/fr\/wp-json\/wp\/v2\/types\/page"}],"author":[{"embeddable":true,"href":"https:\/\/marinaportoantico.it\/fr\/wp-json\/wp\/v2\/users\/1"}],"replies":[{"embeddable":true,"href":"https:\/\/marinaportoantico.it\/fr\/wp-json\/wp\/v2\/comments?post=26104"}],"version-history":[{"count":6,"href":"https:\/\/marinaportoantico.it\/fr\/wp-json\/wp\/v2\/pages\/26104\/revisions"}],"predecessor-version":[{"id":26130,"href":"https:\/\/marinaportoantico.it\/fr\/wp-json\/wp\/v2\/pages\/26104\/revisions\/26130"}],"wp:featuredmedia":[{"embeddable":true,"href":"https:\/\/marinaportoantico.it\/fr\/wp-json\/wp\/v2\/media\/26085"}],"wp:attachment":[{"href":"https:\/\/marinaportoantico.it\/fr\/wp-json\/wp\/v2\/media?parent=26104"}],"curies":[{"name":"wp","href":"https:\/\/api.w.org\/{rel}","templated":true}]}}